{"id":68,"date":"2019-08-01T10:24:27","date_gmt":"2019-08-01T08:24:27","guid":{"rendered":"http:\/\/lunatrain.eu\/?page_id=68"},"modified":"2021-02-23T10:41:49","modified_gmt":"2021-02-23T09:41:49","slug":"lequipe","status":"publish","type":"page","link":"https:\/\/www.lunatrain.eu\/de\/lequipe\/","title":{"rendered":"Team &#038; Unterst\u00fctzung"},"content":{"rendered":"\n<div class=\"wp-block-media-text alignwide\" style=\"grid-template-columns:37% auto\"><figure class=\"wp-block-media-text__media\"><img loading=\"lazy\" decoding=\"async\" width=\"1024\" height=\"683\" src=\"http:\/\/lunatrain.eu\/wp-content\/uploads\/2020\/03\/Karima-Delli-1024x683.jpg\" alt=\"\" class=\"wp-image-1061\" srcset=\"https:\/\/www.lunatrain.eu\/wp-content\/uploads\/2020\/03\/Karima-Delli-1024x683.jpg 1024w, https:\/\/www.lunatrain.eu\/wp-content\/uploads\/2020\/03\/Karima-Delli-300x200.jpg 300w, https:\/\/www.lunatrain.eu\/wp-content\/uploads\/2020\/03\/Karima-Delli-768x512.jpg 768w\" sizes=\"(max-width: 1024px) 100vw, 1024px\" \/><\/figure><div class=\"wp-block-media-text__content\">\n<br><p style=\"font-size:8px\"><div align=\"justify\">\u201eF\u00fcr mich stellt der Nachtzug eine zukunftsorientierte L\u00f6sung und eine glaubw\u00fcrdige Alternative zum Flugzeug dar. Aus \u00f6kologischer Sicht haben Nachtzugreisen, die Fl\u00fcge \u00fcber eine Entfernung von 700 bis 1600 Kilometern leicht ersetzen k\u00f6nnen, eine viel geringere Auswirkung auf den Planeten als Flugreisen. Dazu bieten uns die Nachtz\u00fcge einen Komfort, der mit anderen Verkehrsmitteln nicht zu vergleichen ist und geben uns die M\u00f6glichkeit, mehrere Regionen in der Zeit eines Traums zu durchqueren.&#8220;<\/div><\/p>\n<\/div><\/div>\n\n\n\n<p><strong>Karima Delli, Mitglied des Europ\u00e4ischen Parlaments, Europe Ecologie, Frankreich, Vorsitzende des Ausschusses f\u00fcr Verkehr und Tourismus<\/strong><br><\/p>\n\n\n\n<div class=\"wp-block-media-text alignwide has-media-on-the-right\" style=\"grid-template-columns:auto 45%\"><figure class=\"wp-block-media-text__media\"><img loading=\"lazy\" decoding=\"async\" width=\"1024\" height=\"683\" src=\"http:\/\/lunatrain.eu\/wp-content\/uploads\/2020\/03\/Brando-Benifei-1024x683.jpg\" alt=\"\" class=\"wp-image-1063\" srcset=\"https:\/\/www.lunatrain.eu\/wp-content\/uploads\/2020\/03\/Brando-Benifei-1024x683.jpg 1024w, https:\/\/www.lunatrain.eu\/wp-content\/uploads\/2020\/03\/Brando-Benifei-300x200.jpg 300w, https:\/\/www.lunatrain.eu\/wp-content\/uploads\/2020\/03\/Brando-Benifei-768x512.jpg 768w\" sizes=\"(max-width: 1024px) 100vw, 1024px\" \/><\/figure><div class=\"wp-block-media-text__content\">\n<br><p style=\"font-size:8px\"><div align=\"justify\">&#8222;Nachtz\u00fcge helfen uns, Europa zu verbinden, das Leben der B\u00fcrger zu verbessern und gleichzeitig die nachhaltige Mobilit\u00e4t zu f\u00f6rdern. Als Abgeordneter des Europ\u00e4ischen Parlaments denke ich, dass Nachtz\u00fcge wirklich wichtig sind, um den Fahrg\u00e4sten eine gr\u00f6\u00dfere Auswahl zu bieten und Kurzstreckenfl\u00fcge und den Individualverkehr zu reduzieren und auf diese Weise eine Rolle bei der Erreichung unserer Umweltziele zu spielen\u201c.<\/div>  <\/p>\n\n\n\n<p><\/p>\n<\/div><\/div>\n\n\n\n<p style=\"text-align:right\"><strong>Brando Benifei, Mitglied des Europ\u00e4ischen Parlaments, Partito Democratico, Italien<\/strong><br><\/p>\n\n\n\n<div class=\"wp-block-media-text alignwide\" style=\"grid-template-columns:43% auto\"><figure class=\"wp-block-media-text__media\"><img loading=\"lazy\" decoding=\"async\" width=\"1024\" height=\"676\" src=\"http:\/\/lunatrain.eu\/wp-content\/uploads\/2020\/03\/Franziska-Brantner-1024x676.png\" alt=\"\" class=\"wp-image-1065\" srcset=\"https:\/\/www.lunatrain.eu\/wp-content\/uploads\/2020\/03\/Franziska-Brantner-1024x676.png 1024w, https:\/\/www.lunatrain.eu\/wp-content\/uploads\/2020\/03\/Franziska-Brantner-300x198.png 300w, https:\/\/www.lunatrain.eu\/wp-content\/uploads\/2020\/03\/Franziska-Brantner-768x507.png 768w\" sizes=\"(max-width: 1024px) 100vw, 1024px\" \/><\/figure><div class=\"wp-block-media-text__content\">\n<br><p style=\"font-size:8px\"><div align=\"justify\">&#8222;Ich hoffe auf die\nWiedereinf\u00fchrung der Nachtz\u00fcge in Europa, weil sie die klimafreundliche\nAlternative zum Fliegen sind. Au\u00dferdem machen sie das Reisen komfortabler und\nzeitsparender, da die Fahrt \u00fcber Nacht stattfindet. Dadurch bringen sie die\nMenschen in Europa enger zusammen und stehen wie kein anderes Verkehrsmittel\nf\u00fcr die europ\u00e4ische Idee der Zusammenarbeit und \u00dcberschreitung nationaler\nGrenzen.&#8220;<\/div><\/p>\n<\/div><\/div>\n\n\n\n<p><strong>Franziska Brantner,<\/strong>  <strong>deutsche Abgeordnete,&nbsp;B\u00fcndnis 90\/Die Gr\u00fcnen,&nbsp;Deutschland<\/strong> <br><br><\/p>\n\n\n\n<div class=\"wp-block-media-text alignwide has-media-on-the-right\" style=\"grid-template-columns:auto 46%\"><figure class=\"wp-block-media-text__media\"><img loading=\"lazy\" decoding=\"async\" width=\"1024\" height=\"819\" src=\"http:\/\/lunatrain.eu\/wp-content\/uploads\/2020\/03\/Mathias-Reynard-1024x819.jpg\" alt=\"\" class=\"wp-image-1064\" srcset=\"https:\/\/www.lunatrain.eu\/wp-content\/uploads\/2020\/03\/Mathias-Reynard-1024x819.jpg 1024w, https:\/\/www.lunatrain.eu\/wp-content\/uploads\/2020\/03\/Mathias-Reynard-300x240.jpg 300w, https:\/\/www.lunatrain.eu\/wp-content\/uploads\/2020\/03\/Mathias-Reynard-768x614.jpg 768w\" sizes=\"(max-width: 1024px) 100vw, 1024px\" \/><\/figure><div class=\"wp-block-media-text__content\">\n<p style=\"font-size:8px\"><div align=\"justify\">\u201eIm Herzen des europ\u00e4ischen Kontinents muss die Schweiz eine aktive Rolle bei der F\u00f6rderung von Nachtz\u00fcgen spielen. Dies ist die Zukunft unserer Reisen in Europa!&#8220;<\/div><\/p>\n\n\n\n<p><\/p>\n<\/div><\/div>\n\n\n\n<p style=\"text-align:right\"><br><strong>Mathias Reynard, Nationalrat, Sozialdemokratische Partei, Schweiz<\/strong><\/p>\n\n\n\n<div class=\"wp-block-media-text alignwide\" style=\"grid-template-columns:24% auto\"><figure class=\"wp-block-media-text__media\"><img loading=\"lazy\" decoding=\"async\" width=\"170\" height=\"215\" src=\"http:\/\/lunatrain.eu\/wp-content\/uploads\/2020\/03\/Fabienne-Keller.jpg\" alt=\"\" class=\"wp-image-1066\"\/><\/figure><div class=\"wp-block-media-text__content\">\n<br><p style=\"font-size:8px\"><div align=\"justify\">\n\u201eMeine beste Erinnerung an n\u00e4chtliche Zugfahrten war, als ich meinen Milit\u00e4rdienst leistete. Ich verliess Strassburg am Abend, um mit den ersten Sonnenstrahlen in Toulon anzukommen und den Milit\u00e4rhafen zu erreichen. Damals wurden mir die vielen Vorteile von Nachtz\u00fcgen bewusst. Heute sind unsere Mitb\u00fcrger immer aufmerksamer bei der Wahl ihres Reisemittels. Nachtz\u00fcge stellen eine glaubw\u00fcrdige Alternative zum Einsatz von Flugzeugen oder Privatwagen dar und sind f\u00fcr den Benutzer in den meisten F\u00e4llen g\u00fcnstiger. Es handelt sich um einen Verkehrstr\u00e4ger der Zukunft, den ich schon immer verteidigt habe, wenn Linien von der Schliessung bedroht waren. Es gibt jetzt ein Potenzial f\u00fcr die Entwicklung europaweiter Nachtzuglinien, weil sie f\u00fcr den Fernverkehr in Europa besonders relevant sind. Ich glaube, es ist wichtig, dieser Dynamik einen Impuls zu geben!\u201c\n<\/div>\n<\/p>\n<\/div><\/div>\n\n\n\n<p><strong>Fabienne Keller, Mitglied des Europ\u00e4ischen Parlaments, la Droite constructive, Frankreich<\/strong><\/p>\n\n\n\n<p><br><\/p>\n\n\n\n<p><br><\/p>\n\n\n\n<div class=\"wp-block-media-text alignwide\" style=\"grid-template-columns:49% auto\"><figure class=\"wp-block-media-text__media\"><img loading=\"lazy\" decoding=\"async\" width=\"1024\" height=\"683\" src=\"http:\/\/lunatrain.eu\/wp-content\/uploads\/2020\/04\/Alexander-Krauss-1024x683.jpeg\" alt=\"\" class=\"wp-image-1340\" srcset=\"https:\/\/www.lunatrain.eu\/wp-content\/uploads\/2020\/04\/Alexander-Krauss-1024x683.jpeg 1024w, https:\/\/www.lunatrain.eu\/wp-content\/uploads\/2020\/04\/Alexander-Krauss-300x200.jpeg 300w, https:\/\/www.lunatrain.eu\/wp-content\/uploads\/2020\/04\/Alexander-Krauss-768x512.jpeg 768w\" sizes=\"(max-width: 1024px) 100vw, 1024px\" \/><\/figure><div class=\"wp-block-media-text__content\">\n<div align=\"justify\"><p style=\"font-size:15px\">&#8222;Mit dem Zug zu fahren, ist einfach ein Erlebnis, erst recht mit einem Nachtzug! Gerade in unserer schnelllebigen Zeit bietet der Nachtzug eine gesunde Entschleunigung. Der Nachtzug steht f\u00fcr Gelassenheit und Ruhe, gleichzeitig aber f\u00fcr ein modernes Fortkommen. Ich w\u00fcnsche mir ein europaweites Nachtzugnetz. Dieses darf aber nicht auf Westeuropa begrenzt sein. Warschau und Prag geh\u00f6ren genauso ans Netz wie Paris oder Barcelona.&#8220;<\/div><\/p>\n\n\n\n<p style=\"font-size:8px\"><em>Bild:  Deutscher Bundestag\/ Inga Haar&nbsp; <\/em><\/p>\n<\/div><\/div>\n\n\n\n<p><br><strong>Alexander Krauss, deutscher Abgeordneter, Christlich Demokratische Union (CDU)<\/strong><br><br><\/p>\n\n\n\n<div class=\"wp-block-media-text alignwide has-media-on-the-right\" style=\"grid-template-columns:auto 35%\"><figure class=\"wp-block-media-text__media\"><img loading=\"lazy\" decoding=\"async\" width=\"1024\" height=\"967\" src=\"http:\/\/lunatrain.eu\/wp-content\/uploads\/2020\/05\/Katrin-Budde-1024x967.jpg\" alt=\"\" class=\"wp-image-1394\" srcset=\"https:\/\/www.lunatrain.eu\/wp-content\/uploads\/2020\/05\/Katrin-Budde-1024x967.jpg 1024w, https:\/\/www.lunatrain.eu\/wp-content\/uploads\/2020\/05\/Katrin-Budde-300x283.jpg 300w, https:\/\/www.lunatrain.eu\/wp-content\/uploads\/2020\/05\/Katrin-Budde-768x725.jpg 768w\" sizes=\"(max-width: 1024px) 100vw, 1024px\" \/><\/figure><div class=\"wp-block-media-text__content\">\n<div align=\"justify\"><p style=\"font-size:15px\">\u201eIch finde Nachtz\u00fcge sind eine tolle Alternative zum\nFliegen, gerade f\u00fcr \u00e4ltere und kranke Menschen. Am Abend in einer Stadt\neinsteigen und am n\u00e4chsten Morgen schon eine neue Stadt sehen, finde ich\nfantastisch. Und es besteht dringender Nachholbedarf. Hier gibt es definitiv\neine Angebotsl\u00fccke!&#8220;<\/div><\/p>\n\n\n\n<p><\/p>\n<\/div><\/div>\n\n\n\n<p style=\"text-align:right\"><br><strong>Katrin Budde, deutsche Abgeordnete, Sozialdemokratische Partei (SPD)<\/strong><\/p>\n","protected":false},"excerpt":{"rendered":"<p>\u201eF\u00fcr mich stellt der Nachtzug eine zukunftsorientierte L\u00f6sung und eine glaubw\u00fcrdige Alternative zum Flugzeug dar. Aus \u00f6kologischer Sicht haben Nachtzugreisen, die Fl\u00fcge \u00fcber eine Entfernung von 700 bis 1600 Kilometern leicht ersetzen k\u00f6nnen, eine viel geringere Auswirkung auf den Planeten als Flugreisen. Dazu bieten uns die Nachtz\u00fcge einen Komfort, der&#8230;<\/p>\n","protected":false},"author":1,"featured_media":0,"parent":0,"menu_order":0,"comment_status":"closed","ping_status":"closed","template":"","meta":{"_bbp_topic_count":0,"_bbp_reply_count":0,"_bbp_total_topic_count":0,"_bbp_total_reply_count":0,"_bbp_voice_count":0,"_bbp_anonymous_reply_count":0,"_bbp_topic_count_hidden":0,"_bbp_reply_count_hidden":0,"_bbp_forum_subforum_count":0,"advgb_blocks_editor_width":"","advgb_blocks_columns_visual_guide":"","footnotes":""},"translation":{"provider":"WPGlobus","version":"2.12.2","language":"de","enabled_languages":["fr","en","de","es","it"],"languages":{"fr":{"title":true,"content":true,"excerpt":false},"en":{"title":true,"content":true,"excerpt":false},"de":{"title":true,"content":true,"excerpt":false},"es":{"title":true,"content":true,"excerpt":false},"it":{"title":true,"content":true,"excerpt":false}}},"coauthors":[],"author_meta":{"author_link":"https:\/\/www.lunatrain.eu\/de\/author\/grotesco\/","display_name":"admi5731"},"relative_dates":{"created":"Posted 7\u00a0Jahren ago","modified":"Updated 5\u00a0Jahren ago"},"absolute_dates":{"created":"Posted on 1 August 2019","modified":"Updated on 23 Februar 2021"},"absolute_dates_time":{"created":"Posted on 1 August 2019 10 h 24 min","modified":"Updated on 23 Februar 2021 10 h 41 min"},"featured_img_caption":"","featured_img":false,"series_order":"","_links":{"self":[{"href":"https:\/\/www.lunatrain.eu\/de\/wp-json\/wp\/v2\/pages\/68"}],"collection":[{"href":"https:\/\/www.lunatrain.eu\/de\/wp-json\/wp\/v2\/pages"}],"about":[{"href":"https:\/\/www.lunatrain.eu\/de\/wp-json\/wp\/v2\/types\/page"}],"author":[{"embeddable":true,"href":"https:\/\/www.lunatrain.eu\/de\/wp-json\/wp\/v2\/users\/1"}],"replies":[{"embeddable":true,"href":"https:\/\/www.lunatrain.eu\/de\/wp-json\/wp\/v2\/comments?post=68"}],"version-history":[{"count":112,"href":"https:\/\/www.lunatrain.eu\/de\/wp-json\/wp\/v2\/pages\/68\/revisions"}],"predecessor-version":[{"id":1638,"href":"https:\/\/www.lunatrain.eu\/de\/wp-json\/wp\/v2\/pages\/68\/revisions\/1638"}],"wp:attachment":[{"href":"https:\/\/www.lunatrain.eu\/de\/wp-json\/wp\/v2\/media?parent=68"}],"curies":[{"name":"wp","href":"https:\/\/api.w.org\/{rel}","templated":true}]}}