{"id":823,"date":"2019-11-19T19:37:16","date_gmt":"2019-11-19T18:37:16","guid":{"rendered":"http:\/\/lunatrain.eu\/?page_id=823"},"modified":"2019-12-20T12:13:12","modified_gmt":"2019-12-20T11:13:12","slug":"activites-politiques","status":"publish","type":"page","link":"https:\/\/www.lunatrain.eu\/en\/activites-politiques\/","title":{"rendered":"Activit\u00e9s politiques"},"content":{"rendered":"\n<p><span style=\"text-decoration: underline;\">Parlement Suisse:<\/span><\/p>\n\n\n\n<ul><li>Assurer une liaison ferroviaire directe entre Berne et Bruxelles                                                         22 juin 2007             <a rel=\"noreferrer noopener\" aria-label=\"Lire (s\u2019ouvre dans un nouvel onglet)\" href=\"https:\/\/www.parlament.ch\/fr\/ratsbetrieb\/suche-curia-vista\/geschaeft?AffairId=20073535\" target=\"_blank\">Lire<\/a><\/li><li>Suppression des trains Euro-Night                                                                                                              7 d\u00e9cembre 2009     <a rel=\"noreferrer noopener\" aria-label=\"Lire (s\u2019ouvre dans un nouvel onglet)\" href=\"https:\/\/www.parlament.ch\/fr\/ratsbetrieb\/suche-curia-vista\/geschaeft?AffairId=20095564\" target=\"_blank\">Lire<\/a><\/li><li>Trafic de transit nocturne international. Quels objectifs la Conf\u00e9d\u00e9ration vise-t-elle?                   14 mars 2011            <a rel=\"noreferrer noopener\" aria-label=\"Lire (s\u2019ouvre dans un nouvel onglet)\" href=\"https:\/\/www.parlament.ch\/fr\/ratsbetrieb\/suche-curia-vista\/geschaeft?AffairId=20115151\" target=\"_blank\">Lire<\/a><\/li><li>Liaisons ferroviaires nocturnes de la Suisse vers l&#8217;\u00e9tranger. Que veut le Conseil f\u00e9d\u00e9ral?            17 avril 2013            <a rel=\"noreferrer noopener\" aria-label=\"Lire  (s\u2019ouvre dans un nouvel onglet)\" href=\"https:\/\/www.parlament.ch\/fr\/ratsbetrieb\/suche-curia-vista\/geschaeft?AffairId=20133338\" target=\"_blank\">Lire <\/a><\/li><li>Int\u00e9grer les offres de nuit dans les prestations de base des transports publics                                20 juin 2013              <a rel=\"noreferrer noopener\" aria-label=\"Lire  (s\u2019ouvre dans un nouvel onglet)\" href=\"https:\/\/www.parlament.ch\/fr\/ratsbetrieb\/suche-curia-vista\/geschaeft?AffairId=20133514\" target=\"_blank\">Lire <\/a><\/li><li>Suppression des trains de nuit et politique climatique                                                                          18 mars 2015            <a rel=\"noreferrer noopener\" aria-label=\"Lire (s\u2019ouvre dans un nouvel onglet)\" href=\"https:\/\/www.parlament.ch\/fr\/ratsbetrieb\/suche-curia-vista\/geschaeft?AffairId=20153178\" target=\"_blank\">Lire<\/a><\/li><li>Que fait le Conseil f\u00e9d\u00e9ral pour que les trains de nuit de la  <br>Deutsche Bahn ne finissent pas sur une voie de garage?                                                                      18 d\u00e9cembre 2015    <a rel=\"noreferrer noopener\" aria-label=\"Lire  (s\u2019ouvre dans un nouvel onglet)\" href=\"https:\/\/www.parlament.ch\/fr\/ratsbetrieb\/suche-curia-vista\/geschaeft?AffairId=20154234\" target=\"_blank\">Lire <\/a><\/li><li>Mettre sur le m\u00eame pied le transport ferroviaire international et l&#8217;avion. <br>Halte aux avantages fiscaux en faveur du transport a\u00e9rien!                                                                17 juin 2016              <a rel=\"noreferrer noopener\" aria-label=\"Lire (s\u2019ouvre dans un nouvel onglet)\" href=\"https:\/\/www.parlament.ch\/fr\/ratsbetrieb\/suche-curia-vista\/geschaeft?AffairId=20163551\" target=\"_blank\">Lire<\/a><\/li><li>Simplifier l&#8217;achat de billets de train internationaux                                                                               7 mars 2019              <a rel=\"noreferrer noopener\" aria-label=\"Lire (s\u2019ouvre dans un nouvel onglet)\" href=\"https:\/\/www.parlament.ch\/fr\/ratsbetrieb\/suche-curia-vista\/geschaeft?AffairId=20193062\" target=\"_blank\">Lire<\/a><\/li><li>Fret ferroviaire et Strat\u00e9gie \u00e9nerg\u00e9tique 2050                                                                                         19 mars 2019            <a rel=\"noreferrer noopener\" aria-label=\"Lire (s\u2019ouvre dans un nouvel onglet)\" href=\"https:\/\/www.parlament.ch\/fr\/ratsbetrieb\/suche-curia-vista\/geschaeft?AffairId=20193148\" target=\"_blank\">Lire<\/a><\/li><li>Les trains de nuit, une chance \u00e9cologique et \u00e9conomique pour la Suisse                                          21 mars 2019            <a rel=\"noreferrer noopener\" aria-label=\"Lire  (s\u2019ouvre dans un nouvel onglet)\" href=\"https:\/\/www.parlament.ch\/fr\/ratsbetrieb\/suche-curia-vista\/geschaeft?AffairId=20193252\" target=\"_blank\">Lire <\/a><\/li><li>Ressusciter les trains de nuit en Europe!                                                                                                   21 mars 2019            <a rel=\"noreferrer noopener\" aria-label=\"Lire (s\u2019ouvre dans un nouvel onglet)\" href=\"https:\/\/www.parlament.ch\/fr\/ratsbetrieb\/suche-curia-vista\/geschaeft?AffairId=20193198\" target=\"_blank\">Lire<\/a><\/li><li>Inclure les trains de nuit dans la strat\u00e9gie assign\u00e9e aux CFF par leur propri\u00e9taire                         22 mars 2019            <a rel=\"noreferrer noopener\" aria-label=\"Lire (s\u2019ouvre dans un nouvel onglet)\" href=\"https:\/\/www.parlament.ch\/fr\/ratsbetrieb\/suche-curia-vista\/geschaeft?AffairId=20193371\" target=\"_blank\">Lire<\/a><\/li><li>Trains de nuit. Rendre ce moyen de transport plus attrayant et d\u00e9velopper l&#8217;offre                        18 juin 2019              <a rel=\"noreferrer noopener\" aria-label=\"Lire  (s\u2019ouvre dans un nouvel onglet)\" href=\"https:\/\/www.parlament.ch\/fr\/ratsbetrieb\/suche-curia-vista\/geschaeft?AffairId=20193643\" target=\"_blank\">Lire<\/a><\/li><li>Heure des questions: des trains de nuit aussi en direction du sud et de l&#8217;ouest de l&#8217;Europe         16 d\u00e9cembre 2019    <a href=\"https:\/\/www.parlament.ch\/fr\/ratsbetrieb\/amtliches-bulletin\/amtliches-bulletin-die-verhandlungen?SubjectId=48055\" target=\"_blank\" rel=\"noreferrer noopener\" aria-label=\"Lire (s\u2019ouvre dans un nouvel onglet)\">Lire<\/a><br>  <\/li><\/ul>\n\n\n\n<br>\n<br>\n\n\n\n<p><span style=\"text-decoration: underline;\">Assembl\u00e9e nationale fran\u00e7aise <\/span><\/p>\n\n\n\n<ul><li>NOUVEAU PACTE FERROVIAIRE &#8211; <strong>AMENDEMENT N\u00b059<\/strong>                                                                         6 avril 2018             <a rel=\"noreferrer noopener\" aria-label=\"Lire  (s\u2019ouvre dans un nouvel onglet)\" href=\"http:\/\/AMENDEMENT N\u00b059\" target=\"_blank\">Lire <\/a><\/li><li>LOI D&#8217;ORIENTATION DES MOBILIT\u00c9S &#8211; <strong>AMENDEMENT N\u00b0CD61<\/strong>                                                          17 avril 2019           <a rel=\"noreferrer noopener\" aria-label=\"Lire  (s\u2019ouvre dans un nouvel onglet)\" href=\"http:\/\/www.assemblee-nationale.fr\/dyn\/15\/amendements\/1831\/CION-DVP\/CD61\" target=\"_blank\">Lire <\/a><\/li><li>LOI D&#8217;ORIENTATION DES MOBILIT\u00c9S &#8211; <strong>AMENDEMENT N\u00b0CD62<\/strong>                                                          17 avril 2019           <a rel=\"noreferrer noopener\" aria-label=\"Lire (s\u2019ouvre dans un nouvel onglet)\" href=\"http:\/\/www.assemblee-nationale.fr\/dyn\/15\/amendements\/1831\/CION-DVP\/CD62\" target=\"_blank\">Lire<\/a><\/li><li>LOI D&#8217;ORIENTATION DES MOBILIT\u00c9S &#8211; <strong>AMENDEMENT N\u00b0CD505<\/strong>                                                        2 mai 2019              <a rel=\"noreferrer noopener\" aria-label=\"Lire (s\u2019ouvre dans un nouvel onglet)\" href=\"http:\/\/www.assemblee-nationale.fr\/dyn\/15\/amendements\/1831\/CION-DVP\/CD505\" target=\"_blank\">Lire<\/a><\/li><li>LOI D&#8217;ORIENTATION DES MOBILIT\u00c9S &#8211; <strong>AMENDEMENT N\u00b0CD503<\/strong>                                                        2 mai 2019              <a rel=\"noreferrer noopener\" aria-label=\"Lire (s\u2019ouvre dans un nouvel onglet)\" href=\"http:\/\/www.assemblee-nationale.fr\/dyn\/15\/amendements\/1831\/CION-DVP\/CD503\" target=\"_blank\">Lire<\/a><\/li><li>LOI D&#8217;ORIENTATION DES MOBILIT\u00c9S &#8211; <strong>AMENDEMENT N\u00b0CF76<\/strong>                                                           2 mai 2019              <a rel=\"noreferrer noopener\" aria-label=\"Lire  (s\u2019ouvre dans un nouvel onglet)\" href=\"http:\/\/www.assemblee-nationale.fr\/dyn\/15\/amendements\/1831\/CION_FIN\/CF76\" target=\"_blank\">Lire <\/a><\/li><li>LOI D&#8217;ORIENTATION DES MOBILIT\u00c9S&nbsp;&#8211; <strong>AMENDEMENT N\u00b0CD503<\/strong>                                                        2 mai 2019              <a rel=\"noreferrer noopener\" aria-label=\"Lire (s\u2019ouvre dans un nouvel onglet)\" href=\"http:\/\/www.assemblee-nationale.fr\/dyn\/15\/amendements\/1831\/CION-DVP\/CD503\" target=\"_blank\">Lire<\/a><\/li><li>LOI D&#8217;ORIENTATION DES MOBILIT\u00c9S<em>&nbsp;<\/em> &#8211; <strong>AMENDEMENT N\u00b0CD500<\/strong>                                                       2 mai 2019              <a rel=\"noreferrer noopener\" aria-label=\"Lire (s\u2019ouvre dans un nouvel onglet)\" href=\"http:\/\/www.assemblee-nationale.fr\/dyn\/15\/amendements\/1831\/CION-DVP\/CD500\" target=\"_blank\">Lire<\/a><\/li><li>LOI D&#8217;ORIENTATION DES MOBILIT\u00c9S &#8211; <strong>AMENDEMENT N\u00b0CD738<\/strong>                                                        3 mai 2019              <a rel=\"noreferrer noopener\" aria-label=\"Lire (s\u2019ouvre dans un nouvel onglet)\" href=\"http:\/\/www.assemblee-nationale.fr\/dyn\/15\/amendements\/1831\/CION-DVP\/CD738\" target=\"_blank\">Lire<\/a><\/li><li>LOI D&#8217;ORIENTATION DES MOBILIT\u00c9S &#8211; <strong>AMENDEMENT N\u00b0CD741<\/strong>                                                        3 mai 2019              <a rel=\"noreferrer noopener\" aria-label=\"Lire (s\u2019ouvre dans un nouvel onglet)\" href=\"http:\/\/www.assemblee-nationale.fr\/dyn\/15\/amendements\/1831\/CION-DVP\/CD741\" target=\"_blank\">Lire<\/a><\/li><li>LOI D&#8217;ORIENTATION DES MOBILIT\u00c9S &#8211; <strong>AMENDEMENT N\u00b0CD745<\/strong>&nbsp;                                                       3 mai 2019              <a rel=\"noreferrer noopener\" aria-label=\"Lire (s\u2019ouvre dans un nouvel onglet)\" href=\"http:\/\/www.assemblee-nationale.fr\/dyn\/15\/amendements\/1831\/CION-DVP\/CD745\" target=\"_blank\">Lire<\/a><\/li><li>LOI D&#8217;ORIENTATION DES MOBILIT\u00c9S&nbsp;&#8211; <strong>AMENDEMENT N\u00b0CD743<\/strong>                                                        3 mai 2019              <a rel=\"noreferrer noopener\" aria-label=\"Lire  (s\u2019ouvre dans un nouvel onglet)\" href=\"http:\/\/www.assemblee-nationale.fr\/dyn\/15\/amendements\/1831\/CION-DVP\/CD743\" target=\"_blank\">Lire <\/a><\/li><li>LOI D&#8217;ORIENTATION DES MOBILIT\u00c9S &#8211; <strong>AMENDEMENT N\u00b0CD803<\/strong>                                                        6 mai 2019              <a rel=\"noreferrer noopener\" aria-label=\"Lire (s\u2019ouvre dans un nouvel onglet)\" href=\"http:\/\/www.assemblee-nationale.fr\/dyn\/15\/amendements\/1831\/CION-DVP\/CD803\" target=\"_blank\">Lire<\/a><\/li><li>LOI D&#8217;ORIENTATION DES MOBILIT\u00c9S &#8211; <strong>AMENDEMENT N\u00b0CD1147<\/strong>                                                      7 mai 2019              <a rel=\"noreferrer noopener\" aria-label=\"Lire (s\u2019ouvre dans un nouvel onglet)\" href=\"http:\/\/www.assemblee-nationale.fr\/dyn\/15\/amendements\/1831\/CION-DVP\/CD1147\" target=\"_blank\">Lire<\/a><\/li><li>LOI D&#8217;ORIENTATION DES MOBILIT\u00c9S &#8211; <strong>AMENDEMENT N\u00b0CD1177<\/strong>                                                      7 mai 2019              <a rel=\"noreferrer noopener\" aria-label=\"Lire (s\u2019ouvre dans un nouvel onglet)\" href=\"http:\/\/www.assemblee-nationale.fr\/dyn\/15\/amendements\/1831\/CION-DVP\/CD1177\" target=\"_blank\">Lire<\/a><\/li><li>LOI D<em>&#8216;<\/em>ORIENTATION DES MOBILIT\u00c9S &#8211; <strong>AMENDEMENT N\u00b0CD1175<\/strong>                                                      7 mai 2019              <a rel=\"noreferrer noopener\" aria-label=\"Lire (s\u2019ouvre dans un nouvel onglet)\" href=\"http:\/\/www.assemblee-nationale.fr\/dyn\/15\/amendements\/1831\/CION-DVP\/CD1175\" target=\"_blank\">Lire<\/a><\/li><li>LOI D&#8217;ORIENTATION DES MOBILIT\u00c9S &#8211; <strong>AMENDEMENT N\u00b0CD1178<\/strong>                                                       7 mai 2019             <a rel=\"noreferrer noopener\" aria-label=\"Lire (s\u2019ouvre dans un nouvel onglet)\" href=\"http:\/\/www.assemblee-nationale.fr\/dyn\/15\/amendements\/1831\/CION-DVP\/CD1178\" target=\"_blank\">Lire<\/a><\/li><li>LOI D&#8217;ORIENTATION DES MOBILIT\u00c9S &#8211; <strong>AMENDEMENT N\u00b0CD1146<\/strong>                                                       7 mai 2019             <a rel=\"noreferrer noopener\" aria-label=\"Lire (s\u2019ouvre dans un nouvel onglet)\" href=\"http:\/\/www.assemblee-nationale.fr\/dyn\/15\/amendements\/1831\/CION-DVP\/CD1146\" target=\"_blank\">Lire<\/a><\/li><li>LOI D&#8217;ORIENTATION DES MOBILIT\u00c9S &#8211; <strong>AMENDEMENT N\u00b0CD1187<\/strong>                                                       7 mai 2019             <a rel=\"noreferrer noopener\" aria-label=\"Lire (s\u2019ouvre dans un nouvel onglet)\" href=\"http:\/\/www.assemblee-nationale.fr\/dyn\/15\/amendements\/1831\/CION-DVP\/CD1187\" target=\"_blank\">Lire<\/a><\/li><li>LOI D&#8217;ORIENTATION DES MOBILIT\u00c9S&nbsp;&#8211; <strong>AMENDEMENT N\u00b0CD1182<\/strong>                                                       7 mai 2019             <a rel=\"noreferrer noopener\" aria-label=\"Lire (s\u2019ouvre dans un nouvel onglet)\" href=\"http:\/\/www.assemblee-nationale.fr\/dyn\/15\/amendements\/1831\/CION-DVP\/CD1182\" target=\"_blank\">Lire<\/a><\/li><li>LOI D&#8217;ORIENTATION DES MOBILIT\u00c9S&nbsp;&#8211; <strong>AMENDEMENT N\u00b0CD1184<\/strong>                                                       7 mai 2019             <a rel=\"noreferrer noopener\" aria-label=\"Lire (s\u2019ouvre dans un nouvel onglet)\" href=\"http:\/\/www.assemblee-nationale.fr\/dyn\/15\/amendements\/1831\/CION-DVP\/CD1184\" target=\"_blank\">Lire<\/a><\/li><li>LOI D&#8217;ORIENTATION DES MOBILIT\u00c9S &#8211; <strong>AMENDEMENT N\u00b0CD1145<\/strong>                                                       7 mai 2019             <a rel=\"noreferrer noopener\" aria-label=\"Lire (s\u2019ouvre dans un nouvel onglet)\" href=\"http:\/\/www.assemblee-nationale.fr\/dyn\/15\/amendements\/1831\/CION-DVP\/CD1145\" target=\"_blank\">Lire<\/a><\/li><li>LOI D&#8217;ORIENTATION DES MOBILIT\u00c9S &#8211; <strong>AMENDEMENT N\u00b0CD1189<\/strong>                                                       7 mai 2019             <a rel=\"noreferrer noopener\" aria-label=\"Lire (s\u2019ouvre dans un nouvel onglet)\" href=\"http:\/\/www.assemblee-nationale.fr\/dyn\/15\/amendements\/1831\/CION-DVP\/CD1189\" target=\"_blank\">Lire<\/a><\/li><li>LOI D&#8217;ORIENTATION DES MOBILIT\u00c9S &#8211; <strong>AMENDEMENT N\u00b0CD1868<\/strong>                                                       9 mai 2019             <a rel=\"noreferrer noopener\" aria-label=\"Lire (s\u2019ouvre dans un nouvel onglet)\" href=\"http:\/\/www.assemblee-nationale.fr\/dyn\/15\/amendements\/1831\/CION-DVP\/CD1868\" target=\"_blank\">Lire<\/a><\/li><li>LOI D&#8217;ORIENTATION DES MOBILIT\u00c9S &#8211; <strong>AMENDEMENT N\u00b0CD1867<\/strong>                                                       9 mai 2019             <a rel=\"noreferrer noopener\" aria-label=\"Lire (s\u2019ouvre dans un nouvel onglet)\" href=\"http:\/\/www.assemblee-nationale.fr\/dyn\/15\/amendements\/1831\/CION-DVP\/CD1867\" target=\"_blank\">Lire<\/a><\/li><li>LOI D&#8217;ORIENTATION DES MOBILIT\u00c9S &#8211; <strong>AMENDEMENT N\u00b0CD2013<\/strong>                                                       9 mai 2019             <a rel=\"noreferrer noopener\" aria-label=\"Lire  (s\u2019ouvre dans un nouvel onglet)\" href=\"http:\/\/www.assemblee-nationale.fr\/dyn\/15\/amendements\/1831\/CION-DVP\/CD2013\" target=\"_blank\">Lire <\/a><\/li><li>LOI D&#8217;ORIENTATION DES MOBILIT\u00c9S &#8211; <strong>AMENDEMENT N\u00b0CD1726<\/strong>                                                       9 mai 2019             <a rel=\"noreferrer noopener\" aria-label=\"Lire (s\u2019ouvre dans un nouvel onglet)\" href=\"http:\/\/www.assemblee-nationale.fr\/dyn\/15\/amendements\/1831\/CION-DVP\/CD1726\" target=\"_blank\">Lire<\/a><\/li><li>LOI D&#8217;ORIENTATION DES MOBILIT\u00c9S &#8211; <strong>AMENDEMENT N\u00b0CD2070<\/strong>                                                       9 mai 2019             <a rel=\"noreferrer noopener\" aria-label=\"Lire (s\u2019ouvre dans un nouvel onglet)\" href=\"http:\/\/www.assemblee-nationale.fr\/dyn\/15\/amendements\/1831\/CION-DVP\/CD2070\" target=\"_blank\">Lire<\/a><\/li><li>LOI D&#8217;ORIENTATION DES MOBILIT\u00c9S &#8211; <strong>AMENDEMENT N\u00b0CD1866<\/strong>                                                       9 mai 2019             <a rel=\"noreferrer noopener\" aria-label=\"Lire  (s\u2019ouvre dans un nouvel onglet)\" href=\"http:\/\/www.assemblee-nationale.fr\/dyn\/15\/amendements\/1831\/CION-DVP\/CD1866\" target=\"_blank\">Lire <\/a><\/li><li>LOI D&#8217;ORIENTATION DES MOBILIT\u00c9S &#8211; <strong>AMENDEMENT N\u00b0CD3175<\/strong>                                                       14 mai 2019           <a rel=\"noreferrer noopener\" aria-label=\"Lire (s\u2019ouvre dans un nouvel onglet)\" href=\"http:\/\/www.assemblee-nationale.fr\/dyn\/15\/amendements\/1831\/CION-DVP\/CD3175\" target=\"_blank\">Lire<\/a><\/li><li>LOI D&#8217;ORIENTATION DES MOBILIT\u00c9S&nbsp;&#8211; <strong>AMENDEMENT N\u00b0CD3175<\/strong>                                                       14 mai 2019           <a href=\"http:\/\/www.assemblee-nationale.fr\/dyn\/15\/amendements\/1831\/CION-DVP\/CD3175\" target=\"_blank\" rel=\"noreferrer noopener\" aria-label=\"Lire (s\u2019ouvre dans un nouvel onglet)\">Lire<\/a><\/li><\/ul>\n\n\n\n<p><br><\/p>\n\n\n\n<p><\/p>\n","protected":false},"excerpt":{"rendered":"<p>Parlement Suisse: Assurer une liaison ferroviaire directe entre Berne et Bruxelles 22 juin 2007 Lire Suppression des trains Euro-Night 7 d\u00e9cembre 2009 Lire Trafic de transit nocturne international. Quels objectifs la Conf\u00e9d\u00e9ration vise-t-elle? 14 mars 2011 Lire Liaisons ferroviaires nocturnes de la Suisse vers l&#8217;\u00e9tranger. Que veut le Conseil f\u00e9d\u00e9ral?&#8230;<\/p>\n","protected":false},"author":1,"featured_media":0,"parent":0,"menu_order":0,"comment_status":"closed","ping_status":"closed","template":"","meta":{"_bbp_topic_count":0,"_bbp_reply_count":0,"_bbp_total_topic_count":0,"_bbp_total_reply_count":0,"_bbp_voice_count":0,"_bbp_anonymous_reply_count":0,"_bbp_topic_count_hidden":0,"_bbp_reply_count_hidden":0,"_bbp_forum_subforum_count":0,"advgb_blocks_editor_width":"","advgb_blocks_columns_visual_guide":"","footnotes":""},"translation":{"provider":"WPGlobus","version":"2.12.2","language":"en","enabled_languages":["fr","en","de","es","it"],"languages":{"fr":{"title":true,"content":true,"excerpt":false},"en":{"title":false,"content":false,"excerpt":false},"de":{"title":false,"content":false,"excerpt":false},"es":{"title":false,"content":false,"excerpt":false},"it":{"title":false,"content":false,"excerpt":false}}},"coauthors":[],"author_meta":{"author_link":"https:\/\/www.lunatrain.eu\/en\/author\/grotesco\/","display_name":"admi5731"},"relative_dates":{"created":"Posted 6 years ago","modified":"Updated 6 years ago"},"absolute_dates":{"created":"Posted on 19 November 2019","modified":"Updated on 20 December 2019"},"absolute_dates_time":{"created":"Posted on 19 November 2019 19 h 37 min","modified":"Updated on 20 December 2019 12 h 13 min"},"featured_img_caption":"","featured_img":false,"series_order":"","_links":{"self":[{"href":"https:\/\/www.lunatrain.eu\/en\/wp-json\/wp\/v2\/pages\/823"}],"collection":[{"href":"https:\/\/www.lunatrain.eu\/en\/wp-json\/wp\/v2\/pages"}],"about":[{"href":"https:\/\/www.lunatrain.eu\/en\/wp-json\/wp\/v2\/types\/page"}],"author":[{"embeddable":true,"href":"https:\/\/www.lunatrain.eu\/en\/wp-json\/wp\/v2\/users\/1"}],"replies":[{"embeddable":true,"href":"https:\/\/www.lunatrain.eu\/en\/wp-json\/wp\/v2\/comments?post=823"}],"version-history":[{"count":4,"href":"https:\/\/www.lunatrain.eu\/en\/wp-json\/wp\/v2\/pages\/823\/revisions"}],"predecessor-version":[{"id":1850,"href":"https:\/\/www.lunatrain.eu\/en\/wp-json\/wp\/v2\/pages\/823\/revisions\/1850"}],"wp:attachment":[{"href":"https:\/\/www.lunatrain.eu\/en\/wp-json\/wp\/v2\/media?parent=823"}],"curies":[{"name":"wp","href":"https:\/\/api.w.org\/{rel}","templated":true}]}}