{"id":70,"date":"2019-08-01T10:24:27","date_gmt":"2019-08-01T08:24:27","guid":{"rendered":"http:\/\/lunatrain.eu\/?page_id=70"},"modified":"2019-09-20T16:21:35","modified_gmt":"2019-09-20T14:21:35","slug":"contact","status":"publish","type":"page","link":"https:\/\/www.lunatrain.eu\/es\/contact\/","title":{"rendered":"Contacto"},"content":{"rendered":"\n<p style=\"text-align:center\">Para contactarnos, llene este formulario o escriba a <strong>contact(arroba)lunatrain.eu<\/strong> .<br>Le responderemos cuanto antes. <\/p><br\/>\n\n\n\n<div class=\"wpcf7 no-js\" id=\"wpcf7-f652-o1\" lang=\"fr-FR\" dir=\"ltr\">\n<div class=\"screen-reader-response\"><p role=\"status\" aria-live=\"polite\" aria-atomic=\"true\"><\/p> <ul><\/ul><\/div>\n<form action=\"\/es\/wp-json\/wp\/v2\/pages\/70#wpcf7-f652-o1\" method=\"post\" class=\"wpcf7-form init\" aria-label=\"Formulaire de contact\" novalidate=\"novalidate\" data-status=\"init\">\n<div style=\"display: none;\">\n<input type=\"hidden\" name=\"_wpcf7\" value=\"652\" \/>\n<input type=\"hidden\" name=\"_wpcf7_version\" value=\"5.9.5\" \/>\n<input type=\"hidden\" name=\"_wpcf7_locale\" value=\"fr_FR\" \/>\n<input type=\"hidden\" name=\"_wpcf7_unit_tag\" value=\"wpcf7-f652-o1\" \/>\n<input type=\"hidden\" name=\"_wpcf7_container_post\" value=\"0\" \/>\n<input type=\"hidden\" name=\"_wpcf7_posted_data_hash\" value=\"\" \/>\n<\/div>\n<p><label> Nombres<br \/>\n<span class=\"wpcf7-form-control-wrap\" data-name=\"your-name\"><input size=\"40\" class=\"wpcf7-form-control wpcf7-text wpcf7-validates-as-required\" aria-required=\"true\" aria-invalid=\"false\" value=\"\" type=\"text\" name=\"your-name\" \/><\/span> <\/label>\n<\/p>\n<p><label> Mail<br \/>\n<span class=\"wpcf7-form-control-wrap\" data-name=\"your-email\"><input size=\"40\" class=\"wpcf7-form-control wpcf7-email wpcf7-validates-as-required wpcf7-text wpcf7-validates-as-email\" aria-required=\"true\" aria-invalid=\"false\" value=\"\" type=\"email\" name=\"your-email\" \/><\/span> <\/label>\n<\/p>\n<p><label> Su mensaje<br \/>\n<span class=\"wpcf7-form-control-wrap\" data-name=\"your-message\"><textarea cols=\"40\" rows=\"10\" class=\"wpcf7-form-control wpcf7-textarea\" aria-invalid=\"false\" name=\"your-message\"><\/textarea><\/span> <\/label>\n<\/p>\n<p><input class=\"wpcf7-form-control wpcf7-submit has-spinner\" type=\"submit\" value=\"Enviar\" \/>\n<\/p><p style=\"display: none !important;\" class=\"akismet-fields-container\" data-prefix=\"_wpcf7_ak_\"><label>&#916;<textarea name=\"_wpcf7_ak_hp_textarea\" cols=\"45\" rows=\"8\" maxlength=\"100\"><\/textarea><\/label><input type=\"hidden\" id=\"ak_js_1\" name=\"_wpcf7_ak_js\" value=\"68\"\/><script>document.getElementById( \"ak_js_1\" ).setAttribute( \"value\", ( new Date() ).getTime() );<\/script><\/p><div class=\"wpcf7-response-output\" aria-hidden=\"true\"><\/div>\n<\/form>\n<\/div>\n\n\n\n\n<p><\/p>\n","protected":false},"excerpt":{"rendered":"<p>Para contactarnos, llene este formulario o escriba a contact(arroba)lunatrain.eu .Le responderemos cuanto antes.<\/p>\n","protected":false},"author":1,"featured_media":0,"parent":0,"menu_order":0,"comment_status":"closed","ping_status":"closed","template":"","meta":{"_bbp_topic_count":0,"_bbp_reply_count":0,"_bbp_total_topic_count":0,"_bbp_total_reply_count":0,"_bbp_voice_count":0,"_bbp_anonymous_reply_count":0,"_bbp_topic_count_hidden":0,"_bbp_reply_count_hidden":0,"_bbp_forum_subforum_count":0,"advgb_blocks_editor_width":"","advgb_blocks_columns_visual_guide":"","footnotes":""},"translation":{"provider":"WPGlobus","version":"2.12.2","language":"es","enabled_languages":["fr","en","de","es","it"],"languages":{"fr":{"title":true,"content":true,"excerpt":false},"en":{"title":true,"content":true,"excerpt":false},"de":{"title":true,"content":true,"excerpt":false},"es":{"title":true,"content":true,"excerpt":false},"it":{"title":true,"content":true,"excerpt":false}}},"coauthors":[],"author_meta":{"author_link":"https:\/\/www.lunatrain.eu\/es\/author\/grotesco\/","display_name":"admi5731"},"relative_dates":{"created":"Publicado 7 a\u00f1os hace","modified":"Actualizado 7 a\u00f1os hace"},"absolute_dates":{"created":"Publicado el 1 ao\u00fbt 2019","modified":"Actualizado el 20 septembre 2019"},"absolute_dates_time":{"created":"Publicado el 1 ao\u00fbt 2019 10 h 24 min","modified":"Actualizado el 20 septembre 2019 16 h 21 min"},"featured_img_caption":"","featured_img":false,"series_order":"","_links":{"self":[{"href":"https:\/\/www.lunatrain.eu\/es\/wp-json\/wp\/v2\/pages\/70"}],"collection":[{"href":"https:\/\/www.lunatrain.eu\/es\/wp-json\/wp\/v2\/pages"}],"about":[{"href":"https:\/\/www.lunatrain.eu\/es\/wp-json\/wp\/v2\/types\/page"}],"author":[{"embeddable":true,"href":"https:\/\/www.lunatrain.eu\/es\/wp-json\/wp\/v2\/users\/1"}],"replies":[{"embeddable":true,"href":"https:\/\/www.lunatrain.eu\/es\/wp-json\/wp\/v2\/comments?post=70"}],"version-history":[{"count":22,"href":"https:\/\/www.lunatrain.eu\/es\/wp-json\/wp\/v2\/pages\/70\/revisions"}],"predecessor-version":[{"id":729,"href":"https:\/\/www.lunatrain.eu\/es\/wp-json\/wp\/v2\/pages\/70\/revisions\/729"}],"wp:attachment":[{"href":"https:\/\/www.lunatrain.eu\/es\/wp-json\/wp\/v2\/media?parent=70"}],"curies":[{"name":"wp","href":"https:\/\/api.w.org\/{rel}","templated":true}]}}