{"id":279,"date":"2019-08-12T23:35:33","date_gmt":"2019-08-12T21:35:33","guid":{"rendered":"http:\/\/lunatrain.eu\/?page_id=279"},"modified":"2020-04-10T15:36:56","modified_gmt":"2020-04-10T13:36:56","slug":"articles","status":"publish","type":"page","link":"https:\/\/www.lunatrain.eu\/it\/articles\/","title":{"rendered":"Articoli"},"content":{"rendered":"\n<ul class=\"lcp_catlist\" id=\"lcp_instance_0\"><li><a href=\"https:\/\/www.lunatrain.eu\/it\/entretien-interactif-avec-paul-bittard-etudiant-en-2e-annee-de-master-transports-logistiques-territoires-environnements-tlte-de-sorbonne-universite-paris\/\">Intervista interattiva con Paul Bittard, studente del secondo anno del Master in Trasporti, Logistica, Territori e Ambiente (TLTE) presso l&#8217;Universit\u00e0 di Sorbona (Parigi)<\/a><\/li><li><a href=\"https:\/\/www.lunatrain.eu\/it\/06-09-2020-zug-der-konige-konig-der-zuge-der-orient-express\/\">06\/09\/2020: Zug der K\u00f6nige, K\u00f6nig der Z\u00fcge: Der Orient-Express<\/a><\/li><li><a href=\"https:\/\/www.lunatrain.eu\/it\/05-09-2020-deux-nouveaux-trains-de-nuit-paris-tarbes-et-paris-nice-circuleront-en-2022\/\">05\/09\/2020: Deux nouveaux trains de nuit Paris-Tarbes et Paris-Nice circuleront en 2022<\/a><\/li><li><a href=\"https:\/\/www.lunatrain.eu\/it\/04-09-2020-la-france-tente-de-renouer-avec-les-trains-de-nuit-qui-avaient-presque-disparu\/\">04\/09\/2020: La France tente de renouer avec les trains de nuit, qui avaient presque disparu<\/a><\/li><li><a href=\"https:\/\/www.lunatrain.eu\/it\/04-09-2020-mobilitat-der-zukunft-nachtzuge-statt-fluge-wie-die-coronakrise-die-renaissance-des-schlafwagens-beschleunigt\/\">04\/09\/2020: MOBILIT\u00c4T DER ZUKUNFT : Nachtz\u00fcge statt Fl\u00fcge: Wie die Coronakrise die Renaissance des Schlafwagens beschleunigt<\/a><\/li><li><a href=\"https:\/\/www.lunatrain.eu\/it\/01-09-2020-trains-de-nuit-la-ligne-paris-rodez-fait-de-la-resistance\/\">01\/09\/2020: Trains de nuit : la ligne Paris-Rodez fait de la r\u00e9sistance<\/a><\/li><li><a href=\"https:\/\/www.lunatrain.eu\/it\/31-08-2020-vers-un-retour-en-grace-des-trains-de-nuit\/\">31\/08\/2020: Vers un retour en gr\u00e2ce des trains de nuit ?<\/a><\/li><li><a href=\"https:\/\/www.lunatrain.eu\/it\/31-08-2020-les-obb-construisent-un-centre-de-maintenance-des-trains-de-nuit\/\">31\/08\/2020: Les \u00d6BB construisent un centre de maintenance des trains de nuit<\/a><\/li><li><a href=\"https:\/\/www.lunatrain.eu\/it\/27-08-2020-inauguration-dun-train-de-nuit-moderne-entre-yangon-et-mawlamyine\/\">27\/08\/2020: Inauguration d\u2019un train de nuit moderne entre Yangon et Mawlamyine<\/a><\/li><li><a href=\"https:\/\/www.lunatrain.eu\/it\/28-08-2020-reisen-wenn-andere-schlafen\/\">28\/08\/2020: Reisen, wenn andere schlafen<\/a><\/li><li><a href=\"https:\/\/www.lunatrain.eu\/it\/25-08-2020-transport-le-pari-du-retour-du-train-de-nuit\/\">25\/08\/2020: Transport. Le pari du retour du train de nuit, un pari gagnant ?<\/a><\/li><li><a href=\"https:\/\/www.lunatrain.eu\/it\/24-08-2020-voyages-les-trains-de-nuit-des-cff-devraient-etre-de-retour-en-2021\/\">24\/08\/2020: Voyages: les trains de nuit des CFF devraient \u00eatre de retour en 2021<\/a><\/li><li><a href=\"https:\/\/www.lunatrain.eu\/it\/22-08-2020-la-suede-veut-creer-un-greta-express-premier-train-de-nuit-reliant-bruxelles-a-malmo\/\">22\/08\/2020: La Su\u00e8de veut cr\u00e9er un &#8220;Greta Express&#8221;, premier train de nuit reliant Bruxelles \u00e0 Malm\u00f6.<\/a><\/li><li><a href=\"https:\/\/www.lunatrain.eu\/it\/22-08-2020-treno-notturno-e-progetto-riviera-express-un-ordine-del-giorno-a-cuneo\/\">22\/08\/2020: Treno Notturno e progetto Riviera express: un ordine del giorno a Cuneo<\/a><\/li><li><a href=\"https:\/\/www.lunatrain.eu\/it\/21-08-2020-tendance-trains-de-nuit-vers-un-nouvel-age-dor\/\">21\/08\/2020: Tendance.Trains de nuit : vers un nouvel \u00e2ge d\u2019or ?<\/a><\/li><li><a href=\"https:\/\/www.lunatrain.eu\/it\/20-08-2020-die-klimakrise-machts-moglich-nachtzugen-in-europa-steht-neue-ara-bevor\/\">20\/08\/2020: Die Klimakrise macht\u2019s m\u00f6glich: Nachtz\u00fcgen in Europa steht neue \u00c4ra bevor<\/a><\/li><li><a href=\"https:\/\/www.lunatrain.eu\/it\/19-08-2020-nachtzug-nach-amsterdam-sbb-bereiten-comeback-fur-ende-2021-vor\/\">19\/08\/2020: Nachtzug nach Amsterdam: SBB bereiten Comeback f\u00fcr Ende 2021 vor<\/a><\/li><li><a href=\"https:\/\/www.lunatrain.eu\/it\/19-08-2020-die-aua-bekommt-eine-halbe-milliarde-aber-obb-wird-von-corona-hilfe-ausgeschlossen\/\">19\/08\/2020: Die AUA bekommt eine halbe Milliarde, aber \u00d6BB wird von Corona-Hilfe ausgeschlossen<\/a><\/li><li><a href=\"https:\/\/www.lunatrain.eu\/it\/17-08-2020-quand-la-fnaut-enquete-sur-les-trains-de-nuit\/\">17\/08\/2020: Quand la FNAUT enqu\u00eate sur les trains de nuit<\/a><\/li><li><a href=\"https:\/\/www.lunatrain.eu\/it\/16-08-2020-ferrovie-treni-notturni-da-londra-a-barcellona-e-milano-gia-nel-2024\/\">16\/08\/2020: Ferrovie: treni notturni da Londra a Barcellona e Milano gi\u00e0 nel 2024?<\/a><\/li><li><a href=\"https:\/\/www.lunatrain.eu\/it\/15-08-2020-emmanuel-macron-annonce-le-grand-retour-du-train-de-nuit\/\">15\/08\/2020: Emmanuel Macron annonce le grand retour du train de nuit<\/a><\/li><li><a href=\"https:\/\/www.lunatrain.eu\/it\/14-08-2020-neue-nachtzuge-die-obb-wollen-vorne-mit-dabei-sein\/\">14\/08\/2020: Neue Nachtz\u00fcge: \u00abDie \u00d6BB wollen vorne mit dabei sein\u00bb<\/a><\/li><li><a href=\"https:\/\/www.lunatrain.eu\/it\/14-08-2020-les-trains-de-nuits-promis-par-macron-sont-ils-vraiment-lavenir-de-la-sncf\/\">14\/08\/2020: Les trains de nuits promis par Macron sont-ils vraiment l\u2019avenir de la SNCF ?<\/a><\/li><li><a href=\"https:\/\/www.lunatrain.eu\/it\/13-08-2020-le-grand-retour-des-trains-de-nuit-en-europe\/\">13\/08\/2020: Le grand retour des trains de nuit en Europe<\/a><\/li><li><a href=\"https:\/\/www.lunatrain.eu\/it\/12-08-2020-ferrovie-austria-nuovi-nightjet-in-arrivo-anche-per-i-treni-notturni-in-italia\/\">12\/08\/2020: Ferrovie, Austria: nuovi NightJet in arrivo (anche) per i treni notturni in Italia<\/a><\/li><li><a href=\"https:\/\/www.lunatrain.eu\/it\/07-08-2020-osterreich-startet-nachtzug-offensive-in-europa-2\/\">07\/08\/2020: \u00d6sterreich startet Nachtzug-Offensive in Europa<\/a><\/li><li><a href=\"https:\/\/www.lunatrain.eu\/it\/18-08-2020-trains-de-nuit-nouveau-depart\/\">18\/08\/2020: Trains de nuit : nouveau d\u00e9part ?<\/a><\/li><li><a href=\"https:\/\/www.lunatrain.eu\/it\/10-08-2020-obb-stocken-nachtzug-flotte-auf\/\">10\/08\/2020: \u00d6BB stocken Nachtzug-Flotte auf<\/a><\/li><li><a href=\"https:\/\/www.lunatrain.eu\/it\/10-08-2020-a-quand-le-reveil-des-trains-de-nuit\/\">10\/08\/2020: A quand le r\u00e9veil des trains de nuit ?<\/a><\/li><li><a href=\"https:\/\/www.lunatrain.eu\/it\/10-08-2020-how-the-return-of-sleeper-trains-will-keep-europe-connected\/\">10\/08\/2020: How the return of sleeper trains will keep Europe connected<\/a><\/li><li><a href=\"https:\/\/www.lunatrain.eu\/it\/07-08-2020-geschaft-ohne-die-deutsche-bahn-nachtzuge-boomen-2\/\">07\/08\/2020: Gesch\u00e4ft ohne die Deutsche Bahn: Nachtz\u00fcge boomen<\/a><\/li><li><a href=\"https:\/\/www.lunatrain.eu\/it\/07-08-2020-die-ruckkehr-der-europaischen-nachtzuge\/\">07\/08\/2020: Die R\u00fcckkehr der europ\u00e4ischen Nachtz\u00fcge<\/a><\/li><li><a href=\"https:\/\/www.lunatrain.eu\/it\/07-08-2020-osterreich-startet-nachtzug-offensive-in-europa\/\">07\/08\/2020: \u00d6sterreich startet Nachtzug-Offensive in Europa<\/a><\/li><li><a href=\"https:\/\/www.lunatrain.eu\/it\/07-08-2020-geschaft-ohne-die-deutsche-bahn-nachtzuge-boomen\/\">07\/08\/2020: Gesch\u00e4ft ohne die Deutsche Bahn: Nachtz\u00fcge boomen<\/a><\/li><li><a href=\"https:\/\/www.lunatrain.eu\/it\/06-08-2020-la-mobilita-europea-riparte-dai-treni-notturni\/\">06\/08\/2020: La mobilit\u00e0 europea riparte dai treni notturni<\/a><\/li><li><a href=\"https:\/\/www.lunatrain.eu\/it\/04-08-2020-die-deutsche-bahn-droht-gerade-das-nachste-grose-ding-zu-verschlafen\/\">04\/08\/2020: Die Deutsche Bahn droht gerade, das n\u00e4chste gro\u00dfe Ding zu verschlafen<\/a><\/li><li><a href=\"https:\/\/www.lunatrain.eu\/it\/04-08-2020-flugscham-es-braucht-zugstolz\/\">04\/08\/2020: Flugscham? Es braucht Zugstolz!<\/a><\/li><li><a href=\"https:\/\/www.lunatrain.eu\/it\/02-08-2020-erlebt-der-nachtzug-dank-corona-einen-neuen-boom\/\">02\/08\/2020: Erlebt der Nachtzug dank Corona einen neuen Boom?<\/a><\/li><li><a href=\"https:\/\/www.lunatrain.eu\/it\/le-gouvernement-veut-relancer-le-train-de-nuit-paris-hendaye\/\">30\/07\/2020: Le gouvernement veut relancer le train de nuit Paris-Hendaye<\/a><\/li><li><a href=\"https:\/\/www.lunatrain.eu\/it\/la-gente-non-vuole-piu-volare-il-covid-19-fa-riscoprire-ai-viaggiatori-i-treni-di-notte\/\">29\/07\/2020: &#8220;La gente non vuole pi\u00f9 volare&#8221;: il Covid-19 fa riscoprire ai viaggiatori i treni di notte<\/a><\/li><li><a href=\"https:\/\/www.lunatrain.eu\/it\/29-07-2020-il-ritorno-dei-treni-della-notte-leuropa-riscopre-la-lentezza\/\">29\/07\/2020: Il ritorno dei treni della notte. L\u2019Europa riscopre la lentezza<\/a><\/li><li><a href=\"https:\/\/www.lunatrain.eu\/it\/schweden-neue-nachtzuge-nach-hamburg-und-brussel\/\">27\/07\/2020: Schweden: Neue Nachtz\u00fcge nach Hamburg und Br\u00fcssel<\/a><\/li><li><a href=\"https:\/\/www.lunatrain.eu\/it\/en-autriche-la-renaissance-du-train-de-nuit\/\">26\/07\/2020: En Autriche, la renaissance du train de nuit<\/a><\/li><li><a href=\"https:\/\/www.lunatrain.eu\/it\/24-07-2020-le-train-de-nuit-malmo-bruxelles-sannonce-la-suede-lance-un-appel-doffres\/\">24\/07\/2020: Le train de nuit Malm\u00f6-Bruxelles s\u2019annonce : la Su\u00e8de lance un appel d\u2019offres<\/a><\/li><li><a href=\"https:\/\/www.lunatrain.eu\/it\/23-07-2020-le-ministre-delegue-aux-transports-annonce-le-retour-du-train-de-nuit-paris-nice\/\">23\/07\/2020: Le ministre d\u00e9l\u00e9gu\u00e9 aux Transports annonce le retour du train de nuit Paris-Nice<\/a><\/li><li><a href=\"https:\/\/www.lunatrain.eu\/it\/23-07-2020-le-train-de-nuit-paris-tarbes-pourrait-etre-relance-dici-2022\/\">23\/07\/2020: Le train de nuit Paris-Tarbes pourrait \u00eatre relanc\u00e9 d&#8217;ici 2022<\/a><\/li><li><a href=\"https:\/\/www.lunatrain.eu\/it\/23-07-2020-von-schweden-nach-hamburg-nachtzug-plane-werden-konkreter\/\">23\/07\/2020: Von Schweden nach Hamburg: Nachtzug-Pl\u00e4ne werden konkreter<\/a><\/li><li><a href=\"https:\/\/www.lunatrain.eu\/it\/23-07-2020-le-train-de-nuit-nice-paris-pourrait-reprendre-du-service-dici-2022\/\">23\/07\/2020: Le train de nuit Nice-Paris pourrait reprendre du service d&#8217;ici 2022<\/a><\/li><li><a href=\"https:\/\/www.lunatrain.eu\/it\/23-07-2020-nachtzuge-haben-eine-besondere-magie\/\">23\/07\/2020: &#8220;Nachtz\u00fcge haben eine besondere Magie&#8221;<\/a><\/li><li><a href=\"https:\/\/www.lunatrain.eu\/it\/et-maintenant-des-trains-avec-des-compartiments-reserves-aux-femmes\/\">21\/07\/2020: Et maintenant des trains avec des compartiments r\u00e9serv\u00e9s aux femmes !<\/a><\/li><li><a href=\"https:\/\/www.lunatrain.eu\/it\/18-07-2020-le-renouveau-des-trains-de-nuit-une-alternative-ecologique-a-lavion\/\">18\/07\/2020: Le renouveau des trains de nuit, une alternative \u00e9cologique \u00e0 l&#8217;avion<\/a><\/li><li><a href=\"https:\/\/www.lunatrain.eu\/it\/18-07-2020-vers-une-relance-des-trains-de-nuit-et-du-fret-ferroviaire\/\">18\/07\/2020: Vers une relance des trains de nuit et du fret ferroviaire ?<\/a><\/li><li><a href=\"https:\/\/www.lunatrain.eu\/it\/17-07-2020-kann-ich-noch-was-fur-sie-tun-mit-dem-nachtzug-von-wien-nach-berlin\/\">17\/07\/2020: \u201eKann ich noch was f\u00fcr Sie tun?\u201c :Mit dem Nachtzug von Wien nach Berlin<\/a><\/li><li><a href=\"https:\/\/www.lunatrain.eu\/it\/15-07-2020-plus-ecolo-que-lavion-le-train-de-nuit-fait-son-come-back-mais-a-quel-prix\/\">15\/07\/2020: Plus \u00e9colo que l&#8217;avion, le train de nuit fait son come-back : mais \u00e0 quel prix ?<\/a><\/li><li><a href=\"https:\/\/www.lunatrain.eu\/it\/10-07-2020-pas-cher-propre-sur-comment-les-voyageurs-revent-le-train-de-nuit\/\">10\/07\/2020: Pas cher, propre, s\u00fbr : comment les voyageurs r\u00eavent le train de nuit<\/a><\/li><li><a href=\"https:\/\/www.lunatrain.eu\/it\/im-schlafwagen-nach-paris\/\">Im Schlafwagen nach Paris<\/a><\/li><li><a href=\"https:\/\/www.lunatrain.eu\/it\/26-06-2020-mit-dem-nachtzug-nach-skandinavien\/\">26\/06\/2020: Mit dem Nachtzug nach Skandinavien<\/a><\/li><li><a href=\"https:\/\/www.lunatrain.eu\/it\/27-06-2020-erster-obb-nachtzug-nach-corona-pause-abgefahren\/\">27\/06\/2020: Erster \u00d6BB-Nachtzug nach Corona-Pause abgefahren<\/a><\/li><li><a href=\"https:\/\/www.lunatrain.eu\/it\/26-06-2020-nachtzugverbindung-von-berlin-nach-stockholm-fur-2021-geplant\/\">26\/06\/2020: Nachtzugverbindung von Berlin nach Stockholm f\u00fcr 2021 geplant<\/a><\/li><li><a href=\"https:\/\/www.lunatrain.eu\/it\/18-06-2020-fur-69-euro-mit-dem-nachtzug-von-berlin-nach-stockholm\/\">18\/06\/2020: F\u00fcr 69 Euro mit dem Nachtzug von Berlin nach Stockholm<\/a><\/li><li><a href=\"https:\/\/www.lunatrain.eu\/it\/19-06-2020-laide-au-train-de-nuit-un-debat-post-covid\/\">19\/06\/2020: L\u2019aide au train de nuit, un d\u00e9bat post-covid<\/a><\/li><li><a href=\"https:\/\/www.lunatrain.eu\/it\/19-06-2020-la-belgique-se-dirige-vers-le-developpement-des-trains-de-nuit-internationaux\/\">19\/06\/2020: La Belgique se dirige vers le d\u00e9veloppement des trains de nuit internationaux<\/a><\/li><li><a href=\"https:\/\/www.lunatrain.eu\/it\/20-06-2020-les-trains-de-nuit-de-retour-tout-reste-a-faire\/\">20\/06\/2020: Les trains de nuit de retour? Tout reste \u00e0 faire<\/a><\/li><li><a href=\"https:\/\/www.lunatrain.eu\/it\/20-06-2020-le-train-de-nuit-projet-de-la-deputee-stabuloise-melissa-hanus-ps-vient-daboutir-je-suis-soulagee-ravie\/\">20\/06\/2020: Le train de nuit, projet de la d\u00e9put\u00e9e stabuloise M\u00e9lissa Hanus (PS), vient d\u2019aboutir: \u00abJe suis soulag\u00e9e, ravie\u00bb<\/a><\/li><li><a href=\"https:\/\/www.lunatrain.eu\/it\/16-06-2020-ferrovie-aumenteranno-i-servizi-notturni-transfrontalieri-tra-svezia-e-germania-nel-2021\/\">16\/06\/2020: Ferrovie: aumenteranno i servizi notturni transfrontalieri tra Svezia e Germania nel 2021<\/a><\/li><li><a href=\"https:\/\/www.lunatrain.eu\/it\/17-06-2020-sncf-letat-veut-redynamiser-les-trains-de-nuit\/\">17\/06\/2020: SNCF : l\u2019\u00c9tat veut redynamiser les trains de nuit<\/a><\/li><li><a href=\"https:\/\/www.lunatrain.eu\/it\/13-06-2020-oder-mal-nach-osten\/\">13\/06\/2020: Oder mal nach Osten<\/a><\/li><li><a href=\"https:\/\/www.lunatrain.eu\/it\/13-06-2020-regiojet-already-sold-4000-tickets-for-the-new-train-line-prague-rijeka\/\">13\/06\/2020: RegioJet Already Sold 4,000 Tickets For the New Train Line Prague-Rijeka<\/a><\/li><li><a href=\"https:\/\/www.lunatrain.eu\/it\/13-06-2020-ferrovie-regiojet-lancia-il-treno-notturno-praga-fiume\/\">13\/06\/2020: Ferrovie: RegioJet lancia il treno notturno Praga &#8211; Fiume<\/a><\/li><li><a href=\"https:\/\/www.lunatrain.eu\/it\/12-06-2020-die-nachtzuge-laden-wieder-zum-einsteigen-ein\/\">12\/06\/2020: Die Nachtz\u00fcge laden wieder zum Einsteigen ein<\/a><\/li><li><a href=\"https:\/\/www.lunatrain.eu\/it\/10-06-2020-train-de-nuit-alpen-sylt-un-nouveau-train-de-nuit-en-allemagne-economie\/\">10\/06\/2020: Train de nuit Alpen-Sylt: un nouveau train de nuit en Allemagne \u2013 Economie<\/a><\/li><li><a href=\"https:\/\/www.lunatrain.eu\/it\/10-06-2020-ein-neuer-nachtzug-in-deutschland\/\">10\/06\/2020: Ein neuer Nachtzug in Deutschland<\/a><\/li><li><a href=\"https:\/\/www.lunatrain.eu\/it\/27-05-2020-die-ruckkehr-der-nachtzuge-2\/\">27\/05\/2020: Die R\u00fcckkehr der Nachtz\u00fcge<\/a><\/li><li><a href=\"https:\/\/www.lunatrain.eu\/it\/03-06-2020-train-bientot-une-nouvelle-ligne-entre-lausanne-et-geneve\/\">03\/06\/2020: Train: bient\u00f4t une nouvelle ligne entre Lausanne et Gen\u00e8ve?<\/a><\/li><li><a href=\"https:\/\/www.lunatrain.eu\/it\/02-06-2020-le-train-de-nuit-paris-briancon-va-finalement-circuler-cet-ete\/\">02\/06\/2020: Le train de nuit Paris-Brian\u00e7on va finalement circuler cet \u00e9t\u00e9<\/a><\/li><li><a href=\"https:\/\/www.lunatrain.eu\/it\/02-06-2020-un-train-de-nuit-international-est-il-un-service-public\/\">02\/06\/2020: Un train de nuit international est-il un service public ?<\/a><\/li><li><a href=\"https:\/\/www.lunatrain.eu\/it\/26-05-2020-sncf-le-train-de-nuit-ou-lhistoire-sans-fin\/\">26\/05\/2020: SNCF : le train de nuit ou l\u2019histoire sans fin.<\/a><\/li><li><a href=\"https:\/\/www.lunatrain.eu\/it\/27-05-2020-die-ruckkehr-der-nachtzuge\/\">27\/05\/2020: Die R\u00fcckkehr der Nachtz\u00fcge<\/a><\/li><li><a href=\"https:\/\/www.lunatrain.eu\/it\/27-05-2020-ferrovie-renfe-non-riattivera-il-servizio-trenhotel-dopo-la-fine-dellemergenza-coronavirus\/\">27\/05\/2020: Ferrovie: Renfe non riattiver\u00e0 il servizio &#8220;Trenhotel&#8221; dopo la fine dell&#8217;emergenza Coronavirus<\/a><\/li><li><a href=\"https:\/\/www.lunatrain.eu\/it\/22-05-2020-europe-ecologie-les-verts-demande-le-retablissement-des-trains-de-nuit-paris-briancon\/\">22\/05\/2020: Europe Ecologie Les Verts demande le r\u00e9tablissement des trains de nuit Paris-Brian\u00e7on<\/a><\/li><li><a href=\"https:\/\/www.lunatrain.eu\/it\/21-05-2020-assier-pour-le-retour-du-train-de-nuit\/\">21\/05\/2020: Assier. Pour le retour du train de nuit<\/a><\/li><li><a href=\"https:\/\/www.lunatrain.eu\/it\/12-05-2020-les-derniers-trains-de-nuit-en-france\/\">12.05.2020: les derniers trains de nuit en France<\/a><\/li><li><a href=\"https:\/\/www.lunatrain.eu\/it\/29-04-2020-treno-notturno-per-vienna-lavventura-di-un-weekend\/\">29\/04\/2020: Treno notturno per Vienna: l&#8217;avventura di un weekend<\/a><\/li><li><a href=\"https:\/\/www.lunatrain.eu\/it\/30-04-2020-air-france-devra-reduire-ses-vols-interieurs-en-ca-dalternative\/\">30\/04\/2020: Air France devra r\u00e9duire ses vols int\u00e9rieurs en cas d&#8217;alternative<\/a><\/li><li><a href=\"https:\/\/www.lunatrain.eu\/it\/28-04-2020-pour-la-banque-ubs-le-train-lemportera-sur-lavion-apres-la-crise\/\">28\/04\/2020: Pour la banque UBS, le train l\u2019emportera sur l\u2019avion apr\u00e8s la crise<\/a><\/li><li><a href=\"https:\/\/www.lunatrain.eu\/it\/28-04-2020-sweden-set-to-be-within-easy-reach-of-london-by-sleeper-train\/\">28\/04\/2020: Sweden set to be within easy reach of London by sleeper train<\/a><\/li><li><a href=\"https:\/\/www.lunatrain.eu\/it\/1332\/\">15\/04\/2020: FlixBus renonce \u00e0 lancer ses trains low cost sur les rails fran\u00e7ais en 2021<\/a><\/li><li><a href=\"https:\/\/www.lunatrain.eu\/it\/15-04-2020-le-grand-retour-du-train-bleu-en-2021\/\">15\/04\/2020: Le grand retour du Train Bleu en 2021 ?<\/a><\/li><li><a href=\"https:\/\/www.lunatrain.eu\/it\/15-04-2020-status-quo-ist-ein-no-go-swiss-soll-in-post-corona-ara-nachtzuge-betreiben\/\">15\/04\/2020: \u00abStatus quo ist ein No-Go\u00bb: Swiss soll in Post-Corona-\u00c4ra Nachtz\u00fcge betreiben<\/a><\/li><li><a href=\"https:\/\/www.lunatrain.eu\/it\/letude-de-marche-qui-a-relance-les-trains-de-nuit\/\">02\/04\/2020: L\u2019\u00e9tude de march\u00e9 qui a relanc\u00e9 les trains de nuit<\/a><\/li><li><a href=\"https:\/\/www.lunatrain.eu\/it\/le-reveil-des-trains-de-nuits\/\">12\/03\/2020: Le r\u00e9veil des trains de nuits<\/a><\/li><li><a href=\"https:\/\/www.lunatrain.eu\/it\/les-trains-de-nuit-remportent-un-franc-succes\/\">07\/03\/2020: Les trains de nuit remportent un franc succ\u00e8s<\/a><\/li><li><a href=\"https:\/\/www.lunatrain.eu\/it\/trains-de-nuit-la-possible-resurrection\/\">29\/02\/2020: Trains de nuit, la possible r\u00e9surrection<\/a><\/li><li><a href=\"https:\/\/www.lunatrain.eu\/it\/das-gibt-es-nirgends-auser-in-osterreich\/\">02\/03\/2020: &#8220;Das gibt es nirgends au\u00dfer in \u00d6sterreich&#8221;<\/a><\/li><li><a href=\"https:\/\/www.lunatrain.eu\/it\/ein-extra-schlafwagen-fur-die-ministerin\/\">04\/03\/2020: Ein Extra-Schlafwagen f\u00fcr die Ministerin<\/a><\/li><li><a href=\"https:\/\/www.lunatrain.eu\/it\/mehr-nachtzuge-rollen-nur-mit-subventionen\/\">04\/03\/2020: Mehr Nachtz\u00fcge rollen nur mit Subventionen<\/a><\/li><li><a href=\"https:\/\/www.lunatrain.eu\/it\/tribune-libre-pour-une-renaissance-des-trains-de-nuit-partout-en-europe\/\">25\/02\/2020: Tribune libre: &#8220;Pour une renaissance des trains de nuit partout en Europe&#8221;<\/a><\/li><li><a href=\"https:\/\/www.lunatrain.eu\/it\/obb-nightjet-wie-sich-eine-fahrt-im-nachtzug-anfuhlt\/\">16\/02\/2020: \u00d6BB Nightjet: Wie sich eine Fahrt im Nachtzug anf\u00fchlt<\/a><\/li><li><a href=\"https:\/\/www.lunatrain.eu\/it\/10-of-the-best-sleeper-trains-in-europe\/\">06\/02\/2020: 10 of the best sleeper trains in Europe<\/a><\/li><li><a href=\"https:\/\/www.lunatrain.eu\/it\/lescapade-romantique-vienne-en-train-de-nuit\/\">05\/02\/2020: L\u2019escapade romantique : Vienne en train de nuit<\/a><\/li><\/ul>\n","protected":false},"excerpt":{"rendered":"","protected":false},"author":1,"featured_media":0,"parent":0,"menu_order":0,"comment_status":"closed","ping_status":"closed","template":"","meta":{"_bbp_topic_count":0,"_bbp_reply_count":0,"_bbp_total_topic_count":0,"_bbp_total_reply_count":0,"_bbp_voice_count":0,"_bbp_anonymous_reply_count":0,"_bbp_topic_count_hidden":0,"_bbp_reply_count_hidden":0,"_bbp_forum_subforum_count":0,"advgb_blocks_editor_width":"","advgb_blocks_columns_visual_guide":"","footnotes":""},"translation":{"provider":"WPGlobus","version":"2.12.2","language":"it","enabled_languages":["fr","en","de","es","it"],"languages":{"fr":{"title":true,"content":true,"excerpt":false},"en":{"title":true,"content":true,"excerpt":false},"de":{"title":true,"content":true,"excerpt":false},"es":{"title":true,"content":true,"excerpt":false},"it":{"title":true,"content":true,"excerpt":false}}},"coauthors":[],"author_meta":{"author_link":"https:\/\/www.lunatrain.eu\/it\/author\/grotesco\/","display_name":"admi5731"},"relative_dates":{"created":"Pubblicato 7 anni fa","modified":"Aggiornato 6 anni fa"},"absolute_dates":{"created":"Pubblicato il 12 Agosto 2019","modified":"Aggiornato il 10 Aprile 2020"},"absolute_dates_time":{"created":"Pubblicato il 12 Agosto 2019 23 h 35 min","modified":"Aggiornato il 10 Aprile 2020 15 h 36 min"},"featured_img_caption":"","featured_img":false,"series_order":"","_links":{"self":[{"href":"https:\/\/www.lunatrain.eu\/it\/wp-json\/wp\/v2\/pages\/279"}],"collection":[{"href":"https:\/\/www.lunatrain.eu\/it\/wp-json\/wp\/v2\/pages"}],"about":[{"href":"https:\/\/www.lunatrain.eu\/it\/wp-json\/wp\/v2\/types\/page"}],"author":[{"embeddable":true,"href":"https:\/\/www.lunatrain.eu\/it\/wp-json\/wp\/v2\/users\/1"}],"replies":[{"embeddable":true,"href":"https:\/\/www.lunatrain.eu\/it\/wp-json\/wp\/v2\/comments?post=279"}],"version-history":[{"count":23,"href":"https:\/\/www.lunatrain.eu\/it\/wp-json\/wp\/v2\/pages\/279\/revisions"}],"predecessor-version":[{"id":1272,"href":"https:\/\/www.lunatrain.eu\/it\/wp-json\/wp\/v2\/pages\/279\/revisions\/1272"}],"wp:attachment":[{"href":"https:\/\/www.lunatrain.eu\/it\/wp-json\/wp\/v2\/media?parent=279"}],"curies":[{"name":"wp","href":"https:\/\/api.w.org\/{rel}","templated":true}]}}