{"id":67,"date":"2019-08-01T10:24:27","date_gmt":"2019-08-01T08:24:27","guid":{"rendered":"http:\/\/lunatrain.eu\/?page_id=67"},"modified":"2022-05-22T21:26:27","modified_gmt":"2022-05-22T19:26:27","slug":"concept","status":"publish","type":"page","link":"https:\/\/www.lunatrain.eu\/it\/concept\/","title":{"rendered":"Concetto"},"content":{"rendered":"\n<p style=\"text-align:center\" class=\"has-background has-luminous-vivid-amber-background-color\"><strong>Un rapido ritorno dei treni notturni!<\/strong><\/p>\n\n\n\n<p><strong>Obiettivo treno notturno<\/strong>  sta guidando il rilancio in Europa occidentale di una<strong> rete di treni notturni<\/strong> che alla fine funzioner\u00e0 senza aiuti pubblici.<\/p>\n\n\n<div align=\"justify\">L&#8217;associazione difende in particolare il principio di un mix merci\/passeggeri per questi treni notturni, in modo che la messa in comune del traffico e la sinergia tra quantit\u00e0 (merci) e qualit\u00e0 (passeggeri) consentano di superare il punto di pareggio (&#8220;break-even point&#8221;).<p><\/p>\n<\/div>\n<div align=\"justify\">Pertanto, per ogni percorso di trasporto potenzialmente rilevante, l&#8217;associazione \u00e8 l&#8217;ente appaltante per lo <strong>studio di fattibilit\u00e0 economica e tecnica<\/strong> e poi, se del caso, per la realizzazione di questa rinnovata offerta di treni notturni. Ogni studio si concluder\u00e0 sulla fattibilit\u00e0 di un &#8220;Lunatreno&#8221; puramente passeggeri o misto merci\/passeggeri, con o senza aiuti pubblici transitori o permanenti.<p><\/p>\n<p>I gestori di infrastrutture come <strong>SNCF R\u00e9seau, DB Netz, LFP Perthus<\/strong> sostengono l&#8217;approccio dell&#8217;associazione e partecipano, al finanziamento degli studi. Due Regioni francesi hanno anche deciso di sostenere il primo studio realizzato da Obiettivo treno notturno.<\/p>\n<\/div>\n\n\n<p>Per essere efficace e rilevante nelle catene logistiche, il trasporto ferroviario di merci deve farlo con:<\/p>\n\n\n\n<ul><li><strong>Puntualit\u00e0<\/strong><\/li><li><strong>Regolarit\u00e0<\/strong><\/li><li><strong>Rapidit\u00e0<\/strong><\/li><li><strong>Affidabilit\u00e0<\/strong><br><br><\/li><\/ul>\n\n\n\n<p style=\"text-align:center\" class=\"has-background has-pale-cyan-blue-background-color\">Una soluzione:<strong> combinazione di vagoni passeggeri e vagoni merci<\/strong><\/p>\n\n\n<p><\/p>\n<div align=\"justify\">Il treno passeggeri fornisce queste garanzie previste per le merci (ad alto valore aggiunto). <br>In cambio, la componente passeggeri beneficia del contributo finanziario delle merci al pagamento dei costi di trazione e dei costi di utilizzo delle linee ferroviarie. <br><strong>Il treno misto merci\/passeggeri (M\/P)<\/strong>, grazie alla condivisione di questi costi ed all&#8217;ottimizzazione della capacit\u00e0, consente di rendere redditizio il traffico ferroviario, in quanto non avrebbe modelli economici sostenibili in assenza di sovvenzioni pubbliche. <br>Il treno M\/P \u00e8 la soluzione per ricreare servizi ferroviari notturni efficienti per passeggeri e spedizionieri. <br>Il treno misto sfrutta la stagionalit\u00e0 della domanda di passeggeri e merci per ottimizzare il riempimento del treno. <\/div>\n<p><\/p>\n\n\n<p><div align=\"justify\"><u>Esempio<\/u>: il treno auto-letto \u00e8 un treno M\/P. Combina le autovetture con posti a sedere e supporti per auto in grado di raggiungere una velocit\u00e0 di 160 km\/h.<\/div><\/p>\n\n\n\n<div class=\"wp-block-image\"><figure class=\"aligncenter is-resized\"><img loading=\"lazy\" decoding=\"async\" src=\"http:\/\/lunatrain.eu\/wp-content\/uploads\/2019\/08\/Couverture-3-1024x279.jpg\" alt=\"\" class=\"wp-image-185\" width=\"742\" height=\"202\" srcset=\"https:\/\/www.lunatrain.eu\/wp-content\/uploads\/2019\/08\/Couverture-3-1024x279.jpg 1024w, https:\/\/www.lunatrain.eu\/wp-content\/uploads\/2019\/08\/Couverture-3-300x82.jpg 300w, https:\/\/www.lunatrain.eu\/wp-content\/uploads\/2019\/08\/Couverture-3-768x209.jpg 768w, https:\/\/www.lunatrain.eu\/wp-content\/uploads\/2019\/08\/Couverture-3.jpg 1404w\" sizes=\"(max-width: 742px) 100vw, 742px\" \/><figcaption>Treno auto-letto<\/figcaption><\/figure><\/div>\n\n\n\n<p><div align=\"justify\">I Lunatreni sono destinati a <strong>combinare queste carrozze passeggeri con vagoni<\/strong> per merci diversificate come container e casse mobili. <div align=\"justify\"><\/p><br\/>\n\n\n\n<p><div align=\"justify\">Le imprese ferroviarie esistenti gestiscono o hanno gestito treni merci a velocit\u00e0 fino a 200 km\/h. Un carro merci coperto ha viaggiato a pi\u00f9 di 260 km\/h sulla linea ad alta velocit\u00e0 Lille-Calais, trainato da un treno TGV in prova per testare la stabilit\u00e0 dei carrelli del carro merci a velocit\u00e0 commerciali di 200 km\/h.<div align=\"justify\"><\/p>\n\n\n\n<div class=\"wp-block-image\"><figure class=\"aligncenter is-resized\"><img loading=\"lazy\" decoding=\"async\" src=\"http:\/\/lunatrain.eu\/wp-content\/uploads\/2019\/08\/photo-1-1024x516.jpg\" alt=\"\" class=\"wp-image-18\" width=\"752\" height=\"379\" srcset=\"https:\/\/www.lunatrain.eu\/wp-content\/uploads\/2019\/08\/photo-1-1024x516.jpg 1024w, https:\/\/www.lunatrain.eu\/wp-content\/uploads\/2019\/08\/photo-1-300x151.jpg 300w, https:\/\/www.lunatrain.eu\/wp-content\/uploads\/2019\/08\/photo-1-768x387.jpg 768w, https:\/\/www.lunatrain.eu\/wp-content\/uploads\/2019\/08\/photo-1-900x453.jpg 900w, https:\/\/www.lunatrain.eu\/wp-content\/uploads\/2019\/08\/photo-1.jpg 1110w\" sizes=\"(max-width: 752px) 100vw, 752px\" \/><figcaption>Una locomotiva DB tira le auto Talgo RENFE ed i porta auto su una linea tedesca.<\/figcaption><\/figure><\/div>\n\n\n\n<p style=\"text-align:center\" class=\"has-background has-pale-pink-background-color\"><strong>La triste scomparsa dei treni notturni (2000 &#8211; ?)<\/strong><\/p>\n\n\n\n<p><strong>1994<\/strong>: il treno notturno Ginevra &#8211; Mosca sparisce.<br><strong>2009<\/strong>: le Ferrovie Federali Svizzere (FFS) lasciano il mercato dei treni notturni, portando con s\u00e9 l&#8217;ultimo treno notturno in partenza dalla Svizzera, il treno notturno Ginevra &#8211; Roma.<br><strong>2012<\/strong>: ultimo treno notturno Zurigo &#8211; Ginevra &#8211; Barcellona.<br><strong>2000-2010<\/strong>: la maggior parte dei treni notturni spariscono in Europa.<\/p>\n\n\n\n<p><span style=\"text-decoration: underline;\">Un esempio lampante: la Francia<\/span><\/p>\n\n\n\n<div class=\"wp-block-image\"><figure class=\"aligncenter\"><img loading=\"lazy\" decoding=\"async\" width=\"617\" height=\"282\" src=\"http:\/\/lunatrain.eu\/wp-content\/uploads\/2020\/03\/image.png\" alt=\"\" class=\"wp-image-992\" srcset=\"https:\/\/www.lunatrain.eu\/wp-content\/uploads\/2020\/03\/image.png 617w, https:\/\/www.lunatrain.eu\/wp-content\/uploads\/2020\/03\/image-300x137.png 300w\" sizes=\"(max-width: 617px) 100vw, 617px\" \/><\/figure><\/div>\n","protected":false},"excerpt":{"rendered":"<p>Un rapido ritorno dei treni notturni! Obiettivo treno notturno sta guidando il rilancio in Europa occidentale di una rete di treni notturni che alla fine funzioner\u00e0 senza aiuti pubblici. L&#8217;associazione difende in particolare il principio di un mix merci\/passeggeri per questi treni notturni, in modo che la messa in comune&#8230;<\/p>\n","protected":false},"author":1,"featured_media":0,"parent":0,"menu_order":0,"comment_status":"closed","ping_status":"closed","template":"","meta":{"_bbp_topic_count":0,"_bbp_reply_count":0,"_bbp_total_topic_count":0,"_bbp_total_reply_count":0,"_bbp_voice_count":0,"_bbp_anonymous_reply_count":0,"_bbp_topic_count_hidden":0,"_bbp_reply_count_hidden":0,"_bbp_forum_subforum_count":0,"advgb_blocks_editor_width":"","advgb_blocks_columns_visual_guide":"","footnotes":""},"translation":{"provider":"WPGlobus","version":"2.12.2","language":"it","enabled_languages":["fr","en","de","es","it"],"languages":{"fr":{"title":true,"content":true,"excerpt":false},"en":{"title":true,"content":true,"excerpt":false},"de":{"title":true,"content":true,"excerpt":false},"es":{"title":true,"content":true,"excerpt":false},"it":{"title":true,"content":true,"excerpt":false}}},"coauthors":[],"author_meta":{"author_link":"https:\/\/www.lunatrain.eu\/it\/author\/grotesco\/","display_name":"admi5731"},"relative_dates":{"created":"Pubblicato 7 anni fa","modified":"Aggiornato 4 anni fa"},"absolute_dates":{"created":"Pubblicato il 1 Agosto 2019","modified":"Aggiornato il 22 Maggio 2022"},"absolute_dates_time":{"created":"Pubblicato il 1 Agosto 2019 10 h 24 min","modified":"Aggiornato il 22 Maggio 2022 21 h 26 min"},"featured_img_caption":"","featured_img":false,"series_order":"","_links":{"self":[{"href":"https:\/\/www.lunatrain.eu\/it\/wp-json\/wp\/v2\/pages\/67"}],"collection":[{"href":"https:\/\/www.lunatrain.eu\/it\/wp-json\/wp\/v2\/pages"}],"about":[{"href":"https:\/\/www.lunatrain.eu\/it\/wp-json\/wp\/v2\/types\/page"}],"author":[{"embeddable":true,"href":"https:\/\/www.lunatrain.eu\/it\/wp-json\/wp\/v2\/users\/1"}],"replies":[{"embeddable":true,"href":"https:\/\/www.lunatrain.eu\/it\/wp-json\/wp\/v2\/comments?post=67"}],"version-history":[{"count":92,"href":"https:\/\/www.lunatrain.eu\/it\/wp-json\/wp\/v2\/pages\/67\/revisions"}],"predecessor-version":[{"id":1697,"href":"https:\/\/www.lunatrain.eu\/it\/wp-json\/wp\/v2\/pages\/67\/revisions\/1697"}],"wp:attachment":[{"href":"https:\/\/www.lunatrain.eu\/it\/wp-json\/wp\/v2\/media?parent=67"}],"curies":[{"name":"wp","href":"https:\/\/api.w.org\/{rel}","templated":true}]}}