{"id":68,"date":"2019-08-01T10:24:27","date_gmt":"2019-08-01T08:24:27","guid":{"rendered":"http:\/\/lunatrain.eu\/?page_id=68"},"modified":"2021-02-23T10:41:49","modified_gmt":"2021-02-23T09:41:49","slug":"lequipe","status":"publish","type":"page","link":"https:\/\/www.lunatrain.eu\/it\/lequipe\/","title":{"rendered":"Team &#038; sostegno"},"content":{"rendered":"\n<div class=\"wp-block-media-text alignwide\" style=\"grid-template-columns:36% auto\"><figure class=\"wp-block-media-text__media\"><img loading=\"lazy\" decoding=\"async\" width=\"1024\" height=\"683\" src=\"http:\/\/lunatrain.eu\/wp-content\/uploads\/2020\/03\/image-1-1024x683.png\" alt=\"\" class=\"wp-image-1062\" srcset=\"https:\/\/www.lunatrain.eu\/wp-content\/uploads\/2020\/03\/image-1-1024x683.png 1024w, https:\/\/www.lunatrain.eu\/wp-content\/uploads\/2020\/03\/image-1-300x200.png 300w, https:\/\/www.lunatrain.eu\/wp-content\/uploads\/2020\/03\/image-1-768x512.png 768w\" sizes=\"(max-width: 1024px) 100vw, 1024px\" \/><\/figure><div class=\"wp-block-media-text__content\">\n<div align=\"justify\"><p style=\"font-size:15px\">&#8220;Il treno notturno rappresenta per me una soluzione per il futuro ed un&#8217;alternativa credibile all&#8217;aereo&#8221;. Dal punto di vista ambientale, i viaggi in treno notturni, che possono facilmente sostituire i voli su una distanza compresa tra 700 e 1600 chilometri, hanno un impatto sul pianeta molto inferiore rispetto ai viaggi in aereo. E oltre all&#8217;aspetto strettamente ecologico, i treni notturni ci offrono una comodit\u00e0 incomparabile rispetto alle altre modalit\u00e0 di viaggio, e ci danno la possibilit\u00e0 di attraversare diverse regioni nel tempo di un sogno.&#8221;<\/div><\/p>\n<\/div><\/div>\n\n\n\n<p><strong>Karima Delli, Membro del Parlamento europeo, Europe Ecologie,  Francia, presidente della commissione per i trasporti e il turismo <\/strong><br><br><\/p>\n\n\n\n<div class=\"wp-block-media-text alignwide has-media-on-the-right\" style=\"grid-template-columns:auto 36%\"><figure class=\"wp-block-media-text__media\"><img loading=\"lazy\" decoding=\"async\" width=\"1024\" height=\"683\" src=\"http:\/\/lunatrain.eu\/wp-content\/uploads\/2020\/03\/Brando-Benifei-1024x683.jpg\" alt=\"\" class=\"wp-image-1063\" srcset=\"https:\/\/www.lunatrain.eu\/wp-content\/uploads\/2020\/03\/Brando-Benifei-1024x683.jpg 1024w, https:\/\/www.lunatrain.eu\/wp-content\/uploads\/2020\/03\/Brando-Benifei-300x200.jpg 300w, https:\/\/www.lunatrain.eu\/wp-content\/uploads\/2020\/03\/Brando-Benifei-768x512.jpg 768w\" sizes=\"(max-width: 1024px) 100vw, 1024px\" \/><\/figure><div class=\"wp-block-media-text__content\">\n<br><div align=\"justify\"><p style=\"font-size:15px\">&#8220;I treni notturni ci aiutano a collegare l&#8217;Europa, migliorando la vita dei cittadini e migliorando la mobilit\u00e0 sostenibile. Come deputato al Parlamento europeo, penso che i treni notturni siano davvero importanti per dare ai passeggeri pi\u00f9 scelta e ridurre i voli a corto raggio e i trasporti privati, giocando cos\u00ec un ruolo importante nel raggiungimento dei nostri obiettivi ambientali.&#8221;<\/div><\/p>\n\n\n\n<p><\/p>\n<\/div><\/div>\n\n\n\n<p style=\"text-align:right\"><strong>Brando Benifei,&nbsp; Membro del Parlamento europeo , Partito Democratico, Italia<\/strong><\/p>\n\n\n\n<p><br><\/p>\n\n\n\n<div class=\"wp-block-media-text alignwide\" style=\"grid-template-columns:35% auto\"><figure class=\"wp-block-media-text__media\"><img loading=\"lazy\" decoding=\"async\" width=\"1024\" height=\"676\" src=\"http:\/\/lunatrain.eu\/wp-content\/uploads\/2020\/03\/Franziska-Brantner-1024x676.png\" alt=\"\" class=\"wp-image-1065\" srcset=\"https:\/\/www.lunatrain.eu\/wp-content\/uploads\/2020\/03\/Franziska-Brantner-1024x676.png 1024w, https:\/\/www.lunatrain.eu\/wp-content\/uploads\/2020\/03\/Franziska-Brantner-300x198.png 300w, https:\/\/www.lunatrain.eu\/wp-content\/uploads\/2020\/03\/Franziska-Brantner-768x507.png 768w\" sizes=\"(max-width: 1024px) 100vw, 1024px\" \/><\/figure><div class=\"wp-block-media-text__content\">\n<div align=\"justify\"><p style=\"font-size:15px\">&#8220;Mi piacerebbe vedere la reintroduzione dei treni notturni in Europa, perch\u00e9 sono l&#8217;alternativa ecologica al viaggio aereo. Inoltre, rendono il viaggio pi\u00f9 confortevole e fanno risparmiare tempo, poich\u00e9 il viaggio viene effettuato di notte. Avvicinano i cittadini europei e, come nessun altro mezzo di trasporto, rappresentano l&#8217;idea europea di cooperazione e di attraversamento dei confini nazionali.&#8221;<\/div><\/p>\n<\/div><\/div>\n\n\n\n<p><strong>Franziska Brantner, Deputata tedesca, B\u00fcndnis 90\/Die Gr\u00fcnen,<\/strong> <strong>Germania<\/strong><\/p>\n\n\n\n<p><br><\/p>\n\n\n\n<div class=\"wp-block-media-text alignwide has-media-on-the-right\" style=\"grid-template-columns:auto 32%\"><figure class=\"wp-block-media-text__media\"><img loading=\"lazy\" decoding=\"async\" width=\"1024\" height=\"819\" src=\"http:\/\/lunatrain.eu\/wp-content\/uploads\/2020\/03\/Mathias-Reynard-1024x819.jpg\" alt=\"\" class=\"wp-image-1064\" srcset=\"https:\/\/www.lunatrain.eu\/wp-content\/uploads\/2020\/03\/Mathias-Reynard-1024x819.jpg 1024w, https:\/\/www.lunatrain.eu\/wp-content\/uploads\/2020\/03\/Mathias-Reynard-300x240.jpg 300w, https:\/\/www.lunatrain.eu\/wp-content\/uploads\/2020\/03\/Mathias-Reynard-768x614.jpg 768w\" sizes=\"(max-width: 1024px) 100vw, 1024px\" \/><\/figure><div class=\"wp-block-media-text__content\">\n<div align=\"justify\"><p style=\"font-size:15px\">&#8220;Nel cuore del continente europeo, la Svizzera deve svolgere un ruolo attivo nella promozione dei treni notturni. Questo \u00e8 il futuro del nostro viaggio in Europa!&#8221;<\/div><\/p>\n<\/div><\/div>\n\n\n\n<p><br><\/p>\n\n\n\n<p><strong>Mathias Reynard, Consigliere nazionale, Partito socialista, Svizzera<\/strong><\/p>\n\n\n\n<div class=\"wp-block-media-text alignwide\" style=\"grid-template-columns:23% auto\"><figure class=\"wp-block-media-text__media\"><img loading=\"lazy\" decoding=\"async\" width=\"170\" height=\"215\" src=\"http:\/\/lunatrain.eu\/wp-content\/uploads\/2020\/03\/Fabienne-Keller.jpg\" alt=\"\" class=\"wp-image-1066\"\/><\/figure><div class=\"wp-block-media-text__content\">\n<div align=\"justify\"><p style=\"font-size:15px\">&#8220;Il mio ricordo pi\u00f9 bello del viaggio in treno di notte \u00e8 stato quando facevo il servizio militare. Ho lasciato Strasburgo la sera per arrivare a Tolone con i primi raggi di sole e raggiungere il porto militare. \u00c8 stato allora che mi sono reso conto dei molti vantaggi dei treni notturni. Oggi i nostri concittadini sono sempre pi\u00f9 attenti alla scelta del loro mezzo di trasporto. I treni notturni rappresentano un&#8217;alternativa credibile all&#8217;uso dell&#8217;aereo o dell&#8217;auto privata e, il pi\u00f9 delle volte, sono pi\u00f9 economici per l&#8217;utente. E&#8217; un tipo di trasporto del futuro che ho sempre voluto difendere quando le linee erano minacciate di chiusura. Esiste ora un potenziale per lo sviluppo di linee ferroviarie notturne europee, perch\u00e9 sono particolarmente importanti per i viaggi a lunga distanza in Europa. Penso che sia importante dare impulso a questa dinamica!&#8221;<\/div><\/p>\n<\/div><\/div>\n\n\n\n<p><strong>Fabienne Keller, Membro del Parlamento europeo, La Droite constructive, Francia<\/strong><\/p>\n\n\n\n<p><br><\/p>\n\n\n\n<p><br><\/p>\n\n\n\n<div class=\"wp-block-media-text alignwide\" style=\"grid-template-columns:44% auto\"><figure class=\"wp-block-media-text__media\"><img loading=\"lazy\" decoding=\"async\" width=\"1024\" height=\"683\" src=\"http:\/\/lunatrain.eu\/wp-content\/uploads\/2020\/04\/Alexander-Krauss-1024x683.jpeg\" alt=\"\" class=\"wp-image-1340\" srcset=\"https:\/\/www.lunatrain.eu\/wp-content\/uploads\/2020\/04\/Alexander-Krauss-1024x683.jpeg 1024w, https:\/\/www.lunatrain.eu\/wp-content\/uploads\/2020\/04\/Alexander-Krauss-300x200.jpeg 300w, https:\/\/www.lunatrain.eu\/wp-content\/uploads\/2020\/04\/Alexander-Krauss-768x512.jpeg 768w\" sizes=\"(max-width: 1024px) 100vw, 1024px\" \/><\/figure><div class=\"wp-block-media-text__content\">\n<div align=\"justify\"><p style=\"font-size:15px\">&#8220;Viaggiare in treno \u00e8 semplicemente un&#8217;esperienza, soprattutto con un treno notturno! Specialmente nei nostri tempi di rapido movimento, il treno notturno offre una sana decelerazione. Il treno notturno \u00e8 sinonimo di calma e tranquillit\u00e0, ma allo stesso tempo di progresso moderno. Vorrei vedere una rete europea di treni notturni. Ma questa rete non deve essere limitata all&#8217;Europa occidentale. Varsavia e Praga appartengono alla rete proprio come Parigi o Barcellona.&#8221;<\/div><\/p>\n\n\n\n<p style=\"font-size:8px\"><em>Foto: Deutscher Bundestag\/ Inga Haar<\/em><\/p>\n<\/div><\/div>\n\n\n\n<p><br><strong>Alexander Krauss, deputato tedesco, Unione Cristiano-Democratica (CDU)<\/strong><br><br><\/p>\n\n\n\n<div class=\"wp-block-media-text alignwide has-media-on-the-right\" style=\"grid-template-columns:auto 40%\"><figure class=\"wp-block-media-text__media\"><img loading=\"lazy\" decoding=\"async\" width=\"1024\" height=\"967\" src=\"http:\/\/lunatrain.eu\/wp-content\/uploads\/2020\/05\/Katrin-Budde-1024x967.jpg\" alt=\"\" class=\"wp-image-1394\" srcset=\"https:\/\/www.lunatrain.eu\/wp-content\/uploads\/2020\/05\/Katrin-Budde-1024x967.jpg 1024w, https:\/\/www.lunatrain.eu\/wp-content\/uploads\/2020\/05\/Katrin-Budde-300x283.jpg 300w, https:\/\/www.lunatrain.eu\/wp-content\/uploads\/2020\/05\/Katrin-Budde-768x725.jpg 768w\" sizes=\"(max-width: 1024px) 100vw, 1024px\" \/><\/figure><div class=\"wp-block-media-text__content\">\n<p style=\"font-size:15px\"><div align=\"justify\"><p style=\"font-size:15px\">&#8220;Penso che i treni notturni siano una grande alternativa al volo, soprattutto per gli anziani e i malati. Salire su un treno la sera in una citt\u00e0 e vedere una nuova citt\u00e0 la mattina dopo \u00e8 fantastico. E c&#8217;\u00e8 un bisogno urgente di recuperare il ritardo. Qui c&#8217;\u00e8 sicuramente una carenza di offerta!&#8221;<\/p><\/div><\/p>\n<\/div><\/div>\n\n\n\n<p style=\"text-align:right\"><br><strong>Katrin Budde, deputata tedesca, Partito Socialdemocratico (SPD)<\/strong><\/p>\n","protected":false},"excerpt":{"rendered":"<p>&#8220;Il treno notturno rappresenta per me una soluzione per il futuro ed un&#8217;alternativa credibile all&#8217;aereo&#8221;. Dal punto di vista ambientale, i viaggi in treno notturni, che possono facilmente sostituire i voli su una distanza compresa tra 700 e 1600 chilometri, hanno un impatto sul pianeta molto inferiore rispetto ai viaggi&#8230;<\/p>\n","protected":false},"author":1,"featured_media":0,"parent":0,"menu_order":0,"comment_status":"closed","ping_status":"closed","template":"","meta":{"_bbp_topic_count":0,"_bbp_reply_count":0,"_bbp_total_topic_count":0,"_bbp_total_reply_count":0,"_bbp_voice_count":0,"_bbp_anonymous_reply_count":0,"_bbp_topic_count_hidden":0,"_bbp_reply_count_hidden":0,"_bbp_forum_subforum_count":0,"advgb_blocks_editor_width":"","advgb_blocks_columns_visual_guide":"","footnotes":""},"translation":{"provider":"WPGlobus","version":"2.12.2","language":"it","enabled_languages":["fr","en","de","es","it"],"languages":{"fr":{"title":true,"content":true,"excerpt":false},"en":{"title":true,"content":true,"excerpt":false},"de":{"title":true,"content":true,"excerpt":false},"es":{"title":true,"content":true,"excerpt":false},"it":{"title":true,"content":true,"excerpt":false}}},"coauthors":[],"author_meta":{"author_link":"https:\/\/www.lunatrain.eu\/it\/author\/grotesco\/","display_name":"admi5731"},"relative_dates":{"created":"Pubblicato 7 anni fa","modified":"Aggiornato 5 anni fa"},"absolute_dates":{"created":"Pubblicato il 1 Agosto 2019","modified":"Aggiornato il 23 Febbraio 2021"},"absolute_dates_time":{"created":"Pubblicato il 1 Agosto 2019 10 h 24 min","modified":"Aggiornato il 23 Febbraio 2021 10 h 41 min"},"featured_img_caption":"","featured_img":false,"series_order":"","_links":{"self":[{"href":"https:\/\/www.lunatrain.eu\/it\/wp-json\/wp\/v2\/pages\/68"}],"collection":[{"href":"https:\/\/www.lunatrain.eu\/it\/wp-json\/wp\/v2\/pages"}],"about":[{"href":"https:\/\/www.lunatrain.eu\/it\/wp-json\/wp\/v2\/types\/page"}],"author":[{"embeddable":true,"href":"https:\/\/www.lunatrain.eu\/it\/wp-json\/wp\/v2\/users\/1"}],"replies":[{"embeddable":true,"href":"https:\/\/www.lunatrain.eu\/it\/wp-json\/wp\/v2\/comments?post=68"}],"version-history":[{"count":112,"href":"https:\/\/www.lunatrain.eu\/it\/wp-json\/wp\/v2\/pages\/68\/revisions"}],"predecessor-version":[{"id":1638,"href":"https:\/\/www.lunatrain.eu\/it\/wp-json\/wp\/v2\/pages\/68\/revisions\/1638"}],"wp:attachment":[{"href":"https:\/\/www.lunatrain.eu\/it\/wp-json\/wp\/v2\/media?parent=68"}],"curies":[{"name":"wp","href":"https:\/\/api.w.org\/{rel}","templated":true}]}}